{"id":5,"date":"2018-04-05T22:37:52","date_gmt":"2018-04-05T20:37:52","guid":{"rendered":"http:\/\/save-society.org\/home\/newsletter\/"},"modified":"2021-01-04T09:00:25","modified_gmt":"2021-01-04T08:00:25","slug":"newsletter","status":"publish","type":"page","link":"https:\/\/save-society.org\/home\/newsletter\/","title":{"rendered":"Newsletter"},"content":{"rendered":"<p>[et_pb_section fb_built=&#8220;1&#8243; admin_label=&#8220;Service Section&#8220; _builder_version=&#8220;4.7.3&#8243; background_image=&#8220;https:\/\/save-society.org\/home\/wp-content\/uploads\/2018\/06\/save-society-org_africa_007.jpg&#8220; parallax=&#8220;on&#8220; parallax_method=&#8220;off&#8220; background_video_width=&#8220;1920&#8243; background_video_height=&#8220;1200&#8243; allow_player_pause=&#8220;on&#8220; custom_margin=&#8220;0px|3%|0px|3%|false|false&#8220; custom_padding=&#8220;0px|0px|0px|0px&#8220;][et_pb_row _builder_version=&#8220;4.7.3&#8243; background_color=&#8220;rgba(0,0,0,0.75)&#8220; module_alignment=&#8220;center&#8220; custom_margin=&#8220;|3%||3%|false|false&#8220;][et_pb_column type=&#8220;4_4&#8243; _builder_version=&#8220;3.25&#8243; custom_padding=&#8220;|||&#8220; custom_padding__hover=&#8220;|||&#8220;][et_pb_text admin_label=&#8220;NEWSLETTER&#8220; _builder_version=&#8220;4.7.3&#8243; text_text_color=&#8220;#ffffff&#8220; header_font=&#8220;OpenSans-Regular||||||||&#8220; header_text_align=&#8220;justify&#8220; header_text_color=&#8220;#ffffff&#8220; header_font_size=&#8220;40px&#8220; header_letter_spacing=&#8220;1px&#8220; text_orientation=&#8220;justified&#8220; background_layout=&#8220;dark&#8220; custom_padding=&#8220;5%|5%||5%|false|false&#8220;]<\/p>\n<h1>NEWSLETTER<\/h1>\n<p>[\/et_pb_text][et_pb_text admin_label=&#8220;Registrieren Sie sich jetzt f\u00fcr unseren Newsletter&#8220; _builder_version=&#8220;4.7.3&#8243; text_text_color=&#8220;#ffffff&#8220; text_font_size=&#8220;15px&#8220; text_letter_spacing=&#8220;1px&#8220; header_text_align=&#8220;justify&#8220; header_text_color=&#8220;#ffffff&#8220; header_letter_spacing=&#8220;1px&#8220; header_3_text_color=&#8220;#ffffff&#8220; header_3_letter_spacing=&#8220;1px&#8220; header_3_line_height=&#8220;1.3em&#8220; background_layout=&#8220;dark&#8220; custom_padding=&#8220;|5%||5%|false|false&#8220;]<\/p>\n<h3>Registrieren Sie sich jetzt f\u00fcr unseren Newsletter<\/h3>\n<p>Mit der Anmeldung zum kostenlosen Newsletter erhalten Sie unregelm\u00e4\u00dfig interessante Neuigkeiten und Informationen zur Save Society. Ihre Daten werden nur zum Versand des Newsletters genutzt und nicht weitergegeben. Schauen Sie bitte nach dem Abonnieren des Newsletters in Ihren E-Mail Posteingang. Dort m\u00fcssen Sie dem Versand des Newsletter noch einmal zustimmen.<\/p>\n<p>[\/et_pb_text][et_pb_text admin_label=&#8220;NEWSLETTER Tool&#8220; _builder_version=&#8220;4.7.3&#8243; text_text_color=&#8220;#ffffff&#8220; text_font_size=&#8220;17px&#8220; text_letter_spacing=&#8220;1px&#8220; text_line_height=&#8220;1.8em&#8220; header_font=&#8220;OpenSans-Regular||||||||&#8220; header_text_align=&#8220;justify&#8220; header_text_color=&#8220;#ffffff&#8220; header_font_size=&#8220;40px&#8220; header_letter_spacing=&#8220;1px&#8220; background_layout=&#8220;dark&#8220; width=&#8220;100%&#8220; custom_padding=&#8220;3%|5%|3%|5%|false|false&#8220;]<\/p>\n<p><div class=\"tnp tnp-subscription \">\n<form method=\"post\" action=\"https:\/\/save-society.org\/home\/wp-admin\/admin-ajax.php?action=tnp&amp;na=s\">\n<input type=\"hidden\" name=\"nlang\" value=\"\">\n<div class=\"tnp-field tnp-field-email\"><label for=\"tnp-1\">E-Mail Adresse eingeben<\/label>\n<input class=\"tnp-email\" type=\"email\" name=\"ne\" id=\"tnp-1\" value=\"\" placeholder=\"\" required><\/div>\n<div class=\"tnp-field tnp-privacy-field\"><label><input type=\"checkbox\" name=\"ny\" required class=\"tnp-privacy\"> <a target=\"_blank\" href=\"https:\/\/save-society.org\/home\/datenschutz\/\">* Hinweis gelesen. Ich stimme der Speicherung und Verarbeitung meiner hier angegebenen E-Mail-Adresse zu.<\/a><\/label><\/div><div class=\"tnp-field tnp-field-button\" style=\"text-align: left\"><input class=\"tnp-submit\" type=\"submit\" value=\"Abonnieren\" style=\"\">\n<\/div>\n<\/form>\n<\/div>\n<\/p>\n<p>[\/et_pb_text][et_pb_text admin_label=&#8220;Ich habe die Datenschutzerkl\u00e4rung&#8220; _builder_version=&#8220;4.7.3&#8243; text_text_color=&#8220;#ffffff&#8220; text_font_size=&#8220;15px&#8220; text_letter_spacing=&#8220;1px&#8220; header_text_align=&#8220;justify&#8220; header_text_color=&#8220;#ffffff&#8220; text_orientation=&#8220;justified&#8220; background_layout=&#8220;dark&#8220; custom_padding=&#8220;5%|5%|5%|5%&#8220; hover_enabled=&#8220;0&#8243; sticky_enabled=&#8220;0&#8243;]* Ich habe die <span style=\"color: #ffffff;\"><strong><a style=\"color: #ffffff;\" href=\"https:\/\/save-society.org\/home\/datenschutz\/\">Datenschutzerkl\u00e4rung<\/a><\/strong><\/span> zur Kenntnis genommen. Ich stimme zu, dass meine Angaben ausschlie\u00dflich zur Versendung des kostenfreien Newsletters elektronisch erhoben und gespeichert werden. Diese Daten werden nicht ohne meine Einwilligung weitergegeben. Ich kann meine Einwilligung jederzeit widerrufen und den Newsletter abbestellen. Informationen zum Umgang mit Nutzer-Daten finden Sie in unserer <span style=\"color: #ffffff;\"><strong><a style=\"color: #ffffff;\" href=\"https:\/\/save-society.org\/home\/datenschutz\/\">Datenschutzerkl\u00e4rung<\/a><\/strong><\/span>.[\/et_pb_text][\/et_pb_column][\/et_pb_row][et_pb_row _builder_version=&#8220;3.25&#8243; background_size=&#8220;initial&#8220; background_position=&#8220;top_left&#8220; background_repeat=&#8220;repeat&#8220;][et_pb_column type=&#8220;4_4&#8243; _builder_version=&#8220;3.25&#8243; custom_padding=&#8220;|||&#8220; custom_padding__hover=&#8220;|||&#8220;][et_pb_divider show_divider=&#8220;off&#8220; _builder_version=&#8220;4.7.3&#8243; height=&#8220;0px&#8220; custom_padding=&#8220;||600px||false|false&#8220;][\/et_pb_divider][\/et_pb_column][\/et_pb_row][\/et_pb_section]<\/p>\n","protected":false},"excerpt":{"rendered":"<p>NEWSLETTERRegistrieren Sie sich jetzt f\u00fcr unseren Newsletter Mit der Anmeldung zum kostenlosen Newsletter erhalten Sie unregelm\u00e4\u00dfig interessante Neuigkeiten und Informationen zur Save Society. Ihre Daten werden nur zum Versand des Newsletters genutzt und nicht weitergegeben. Schauen Sie bitte nach dem Abonnieren des Newsletters in Ihren E-Mail Posteingang. Dort m\u00fcssen Sie dem Versand des Newsletter noch [&hellip;]<\/p>\n","protected":false},"author":1,"featured_media":7830,"parent":0,"menu_order":0,"comment_status":"closed","ping_status":"closed","template":"","meta":{"_et_pb_use_builder":"on","_et_pb_old_content":"[newsletter]","_et_gb_content_width":"","footnotes":""},"class_list":["post-5","page","type-page","status-publish","has-post-thumbnail","hentry"],"yoast_head":"<!-- This site is optimized with the Yoast SEO plugin v27.3 - https:\/\/yoast.com\/product\/yoast-seo-wordpress\/ -->\n<title>Newsletter - Save Society<\/title>\n<meta name=\"description\" content=\"Newsletter - Tragen Sie sich hier ein um unseren Newsletter zu bekommen. Save Society Informationen zu allen Themen\" \/>\n<meta name=\"robots\" content=\"index, follow, max-snippet:-1, max-image-preview:large, max-video-preview:-1\" \/>\n<link rel=\"canonical\" href=\"https:\/\/save-society.org\/home\/newsletter\/\" \/>\n<meta property=\"og:locale\" content=\"de_DE\" \/>\n<meta property=\"og:type\" content=\"article\" \/>\n<meta property=\"og:title\" content=\"Newsletter - Save Society\" \/>\n<meta property=\"og:description\" content=\"Newsletter - Tragen Sie sich hier ein um unseren Newsletter zu bekommen. Save Society Informationen zu allen Themen\" \/>\n<meta property=\"og:url\" content=\"https:\/\/save-society.org\/home\/newsletter\/\" \/>\n<meta property=\"og:site_name\" content=\"Save Society\" \/>\n<meta property=\"article:publisher\" content=\"https:\/\/www.facebook.com\/savesociety.eu\/\" \/>\n<meta property=\"article:modified_time\" content=\"2021-01-04T08:00:25+00:00\" \/>\n<meta property=\"og:image\" content=\"https:\/\/save-society.org\/home\/wp-content\/uploads\/2019\/01\/Save-Society-Newsletter.png\" \/>\n\t<meta property=\"og:image:width\" content=\"1000\" \/>\n\t<meta property=\"og:image:height\" content=\"583\" \/>\n\t<meta property=\"og:image:type\" content=\"image\/png\" \/>\n<meta name=\"twitter:card\" content=\"summary_large_image\" \/>\n<meta name=\"twitter:label1\" content=\"Gesch\u00e4tzte Lesezeit\" \/>\n\t<meta name=\"twitter:data1\" content=\"2\u00a0Minuten\" \/>\n<script type=\"application\/ld+json\" class=\"yoast-schema-graph\">{\"@context\":\"https:\\\/\\\/schema.org\",\"@graph\":[{\"@type\":\"WebPage\",\"@id\":\"https:\\\/\\\/save-society.org\\\/home\\\/newsletter\\\/\",\"url\":\"https:\\\/\\\/save-society.org\\\/home\\\/newsletter\\\/\",\"name\":\"Newsletter - Save Society\",\"isPartOf\":{\"@id\":\"https:\\\/\\\/save-society.org\\\/home\\\/#website\"},\"primaryImageOfPage\":{\"@id\":\"https:\\\/\\\/save-society.org\\\/home\\\/newsletter\\\/#primaryimage\"},\"image\":{\"@id\":\"https:\\\/\\\/save-society.org\\\/home\\\/newsletter\\\/#primaryimage\"},\"thumbnailUrl\":\"https:\\\/\\\/save-society.org\\\/home\\\/wp-content\\\/uploads\\\/2019\\\/01\\\/Save-Society-Newsletter.png\",\"datePublished\":\"2018-04-05T20:37:52+00:00\",\"dateModified\":\"2021-01-04T08:00:25+00:00\",\"description\":\"Newsletter - Tragen Sie sich hier ein um unseren Newsletter zu bekommen. Save Society Informationen zu allen Themen\",\"breadcrumb\":{\"@id\":\"https:\\\/\\\/save-society.org\\\/home\\\/newsletter\\\/#breadcrumb\"},\"inLanguage\":\"de\",\"potentialAction\":[{\"@type\":\"ReadAction\",\"target\":[\"https:\\\/\\\/save-society.org\\\/home\\\/newsletter\\\/\"]}]},{\"@type\":\"ImageObject\",\"inLanguage\":\"de\",\"@id\":\"https:\\\/\\\/save-society.org\\\/home\\\/newsletter\\\/#primaryimage\",\"url\":\"https:\\\/\\\/save-society.org\\\/home\\\/wp-content\\\/uploads\\\/2019\\\/01\\\/Save-Society-Newsletter.png\",\"contentUrl\":\"https:\\\/\\\/save-society.org\\\/home\\\/wp-content\\\/uploads\\\/2019\\\/01\\\/Save-Society-Newsletter.png\",\"width\":1000,\"height\":583,\"caption\":\"Save Society Newsletter\"},{\"@type\":\"BreadcrumbList\",\"@id\":\"https:\\\/\\\/save-society.org\\\/home\\\/newsletter\\\/#breadcrumb\",\"itemListElement\":[{\"@type\":\"ListItem\",\"position\":1,\"name\":\"Startseite\",\"item\":\"https:\\\/\\\/save-society.org\\\/home\\\/\"},{\"@type\":\"ListItem\",\"position\":2,\"name\":\"Newsletter\"}]},{\"@type\":\"WebSite\",\"@id\":\"https:\\\/\\\/save-society.org\\\/home\\\/#website\",\"url\":\"https:\\\/\\\/save-society.org\\\/home\\\/\",\"name\":\"Save Society\",\"description\":\"Gemeinn\u00fctzige Organisation\",\"publisher\":{\"@id\":\"https:\\\/\\\/save-society.org\\\/home\\\/#organization\"},\"potentialAction\":[{\"@type\":\"SearchAction\",\"target\":{\"@type\":\"EntryPoint\",\"urlTemplate\":\"https:\\\/\\\/save-society.org\\\/home\\\/?s={search_term_string}\"},\"query-input\":{\"@type\":\"PropertyValueSpecification\",\"valueRequired\":true,\"valueName\":\"search_term_string\"}}],\"inLanguage\":\"de\"},{\"@type\":\"Organization\",\"@id\":\"https:\\\/\\\/save-society.org\\\/home\\\/#organization\",\"name\":\"Save Society\",\"url\":\"https:\\\/\\\/save-society.org\\\/home\\\/\",\"logo\":{\"@type\":\"ImageObject\",\"inLanguage\":\"de\",\"@id\":\"https:\\\/\\\/save-society.org\\\/home\\\/#\\\/schema\\\/logo\\\/image\\\/\",\"url\":\"https:\\\/\\\/save-society.org\\\/home\\\/wp-content\\\/uploads\\\/2018\\\/04\\\/savesociety_logo_full.jpg\",\"contentUrl\":\"https:\\\/\\\/save-society.org\\\/home\\\/wp-content\\\/uploads\\\/2018\\\/04\\\/savesociety_logo_full.jpg\",\"width\":1831,\"height\":1112,\"caption\":\"Save Society\"},\"image\":{\"@id\":\"https:\\\/\\\/save-society.org\\\/home\\\/#\\\/schema\\\/logo\\\/image\\\/\"},\"sameAs\":[\"https:\\\/\\\/www.facebook.com\\\/savesociety.eu\\\/\"]}]}<\/script>\n<!-- \/ Yoast SEO plugin. -->","yoast_head_json":{"title":"Newsletter - Save Society","description":"Newsletter - Tragen Sie sich hier ein um unseren Newsletter zu bekommen. Save Society Informationen zu allen Themen","robots":{"index":"index","follow":"follow","max-snippet":"max-snippet:-1","max-image-preview":"max-image-preview:large","max-video-preview":"max-video-preview:-1"},"canonical":"https:\/\/save-society.org\/home\/newsletter\/","og_locale":"de_DE","og_type":"article","og_title":"Newsletter - Save Society","og_description":"Newsletter - Tragen Sie sich hier ein um unseren Newsletter zu bekommen. Save Society Informationen zu allen Themen","og_url":"https:\/\/save-society.org\/home\/newsletter\/","og_site_name":"Save Society","article_publisher":"https:\/\/www.facebook.com\/savesociety.eu\/","article_modified_time":"2021-01-04T08:00:25+00:00","og_image":[{"width":1000,"height":583,"url":"https:\/\/save-society.org\/home\/wp-content\/uploads\/2019\/01\/Save-Society-Newsletter.png","type":"image\/png"}],"twitter_card":"summary_large_image","twitter_misc":{"Gesch\u00e4tzte Lesezeit":"2\u00a0Minuten"},"schema":{"@context":"https:\/\/schema.org","@graph":[{"@type":"WebPage","@id":"https:\/\/save-society.org\/home\/newsletter\/","url":"https:\/\/save-society.org\/home\/newsletter\/","name":"Newsletter - Save Society","isPartOf":{"@id":"https:\/\/save-society.org\/home\/#website"},"primaryImageOfPage":{"@id":"https:\/\/save-society.org\/home\/newsletter\/#primaryimage"},"image":{"@id":"https:\/\/save-society.org\/home\/newsletter\/#primaryimage"},"thumbnailUrl":"https:\/\/save-society.org\/home\/wp-content\/uploads\/2019\/01\/Save-Society-Newsletter.png","datePublished":"2018-04-05T20:37:52+00:00","dateModified":"2021-01-04T08:00:25+00:00","description":"Newsletter - Tragen Sie sich hier ein um unseren Newsletter zu bekommen. Save Society Informationen zu allen Themen","breadcrumb":{"@id":"https:\/\/save-society.org\/home\/newsletter\/#breadcrumb"},"inLanguage":"de","potentialAction":[{"@type":"ReadAction","target":["https:\/\/save-society.org\/home\/newsletter\/"]}]},{"@type":"ImageObject","inLanguage":"de","@id":"https:\/\/save-society.org\/home\/newsletter\/#primaryimage","url":"https:\/\/save-society.org\/home\/wp-content\/uploads\/2019\/01\/Save-Society-Newsletter.png","contentUrl":"https:\/\/save-society.org\/home\/wp-content\/uploads\/2019\/01\/Save-Society-Newsletter.png","width":1000,"height":583,"caption":"Save Society Newsletter"},{"@type":"BreadcrumbList","@id":"https:\/\/save-society.org\/home\/newsletter\/#breadcrumb","itemListElement":[{"@type":"ListItem","position":1,"name":"Startseite","item":"https:\/\/save-society.org\/home\/"},{"@type":"ListItem","position":2,"name":"Newsletter"}]},{"@type":"WebSite","@id":"https:\/\/save-society.org\/home\/#website","url":"https:\/\/save-society.org\/home\/","name":"Save Society","description":"Gemeinn\u00fctzige Organisation","publisher":{"@id":"https:\/\/save-society.org\/home\/#organization"},"potentialAction":[{"@type":"SearchAction","target":{"@type":"EntryPoint","urlTemplate":"https:\/\/save-society.org\/home\/?s={search_term_string}"},"query-input":{"@type":"PropertyValueSpecification","valueRequired":true,"valueName":"search_term_string"}}],"inLanguage":"de"},{"@type":"Organization","@id":"https:\/\/save-society.org\/home\/#organization","name":"Save Society","url":"https:\/\/save-society.org\/home\/","logo":{"@type":"ImageObject","inLanguage":"de","@id":"https:\/\/save-society.org\/home\/#\/schema\/logo\/image\/","url":"https:\/\/save-society.org\/home\/wp-content\/uploads\/2018\/04\/savesociety_logo_full.jpg","contentUrl":"https:\/\/save-society.org\/home\/wp-content\/uploads\/2018\/04\/savesociety_logo_full.jpg","width":1831,"height":1112,"caption":"Save Society"},"image":{"@id":"https:\/\/save-society.org\/home\/#\/schema\/logo\/image\/"},"sameAs":["https:\/\/www.facebook.com\/savesociety.eu\/"]}]}},"_links":{"self":[{"href":"https:\/\/save-society.org\/home\/wp-json\/wp\/v2\/pages\/5","targetHints":{"allow":["GET"]}}],"collection":[{"href":"https:\/\/save-society.org\/home\/wp-json\/wp\/v2\/pages"}],"about":[{"href":"https:\/\/save-society.org\/home\/wp-json\/wp\/v2\/types\/page"}],"author":[{"embeddable":true,"href":"https:\/\/save-society.org\/home\/wp-json\/wp\/v2\/users\/1"}],"replies":[{"embeddable":true,"href":"https:\/\/save-society.org\/home\/wp-json\/wp\/v2\/comments?post=5"}],"version-history":[{"count":6,"href":"https:\/\/save-society.org\/home\/wp-json\/wp\/v2\/pages\/5\/revisions"}],"predecessor-version":[{"id":17048,"href":"https:\/\/save-society.org\/home\/wp-json\/wp\/v2\/pages\/5\/revisions\/17048"}],"wp:featuredmedia":[{"embeddable":true,"href":"https:\/\/save-society.org\/home\/wp-json\/wp\/v2\/media\/7830"}],"wp:attachment":[{"href":"https:\/\/save-society.org\/home\/wp-json\/wp\/v2\/media?parent=5"}],"curies":[{"name":"wp","href":"https:\/\/api.w.org\/{rel}","templated":true}]}}