{"id":7997,"date":"2019-01-11T11:24:23","date_gmt":"2019-01-11T10:24:23","guid":{"rendered":"https:\/\/save-society.org\/home\/?page_id=7997"},"modified":"2020-12-03T17:19:08","modified_gmt":"2020-12-03T16:19:08","slug":"mach-mit","status":"publish","type":"page","link":"https:\/\/save-society.org\/home\/mach-mit\/","title":{"rendered":"Mach mit"},"content":{"rendered":"<p>[et_pb_section fb_built=&#8220;1&#8243; admin_label=&#8220;Service Section&#8220; _builder_version=&#8220;3.22&#8243; background_image=&#8220;https:\/\/save-society.org\/home\/wp-content\/uploads\/2018\/06\/save-society-org_africa_002-1.jpg&#8220; parallax=&#8220;on&#8220; parallax_method=&#8220;off&#8220; background_video_width=&#8220;1920&#8243; background_video_height=&#8220;1200&#8243; allow_player_pause=&#8220;on&#8220; custom_margin=&#8220;0px|0px|0px|0px&#8220; custom_padding=&#8220;0px|0px|0px|0px&#8220;][et_pb_row _builder_version=&#8220;3.25&#8243;][et_pb_column type=&#8220;4_4&#8243; _builder_version=&#8220;3.25&#8243; custom_padding=&#8220;|||&#8220; custom_padding__hover=&#8220;|||&#8220;][et_pb_divider show_divider=&#8220;off&#8220; _builder_version=&#8220;3.19.9&#8243; height=&#8220;0px&#8220; custom_padding=&#8220;||10px|&#8220;][\/et_pb_divider][\/et_pb_column][\/et_pb_row][et_pb_row column_structure=&#8220;1_4,1_4,1_4,1_4&#8243; _builder_version=&#8220;3.25&#8243; background_color=&#8220;rgba(0,0,0,0.75)&#8220; module_alignment=&#8220;center&#8220; custom_padding=&#8220;|2%||&#8220;][et_pb_column type=&#8220;1_4&#8243; _builder_version=&#8220;3.25&#8243; custom_padding=&#8220;|||2%&#8220; custom_padding__hover=&#8220;|||&#8220;][et_pb_blurb title=&#8220;UMFRAGE ALTERSARMUT&#8220; url=&#8220;https:\/\/save-society.org\/home\/altersarmut-umfrage\/&#8220; url_new_window=&#8220;on&#8220; use_icon=&#8220;on&#8220; font_icon=&#8220;%%57%%&#8220; icon_color=&#8220;#ffffff&#8220; use_icon_font_size=&#8220;on&#8220; icon_font_size=&#8220;50px&#8220; admin_label=&#8220;UMFRAGE ALTERSARMUT&#8220; module_class=&#8220;blurb-8&#8243; _builder_version=&#8220;3.19.9&#8243; header_level=&#8220;h5&#8243; header_font=&#8220;OpenSans-SemiBold|700|||||||&#8220; header_text_color=&#8220;#ffffff&#8220; header_font_size=&#8220;11px&#8220; header_letter_spacing=&#8220;2px&#8220; header_line_height=&#8220;1.4em&#8220; body_font=&#8220;OpenSans-Regular||||||||&#8220; body_text_color=&#8220;#ffffff&#8220; body_font_size=&#8220;16px&#8220; body_line_height=&#8220;1.8em&#8220; text_orientation=&#8220;center&#8220; custom_padding=&#8220;30px|30px|30px|30px&#8220; animation_style=&#8220;zoom&#8220; link_option_url=&#8220;https:\/\/save-society.org\/home\/altersarmut-umfrage\/&#8220; link_option_url_new_window=&#8220;on&#8220; border_color_all=&#8220;#dddddd&#8220; use_border_color=&#8220;on&#8220;][\/et_pb_blurb][\/et_pb_column][et_pb_column type=&#8220;1_4&#8243; _builder_version=&#8220;3.25&#8243; custom_padding=&#8220;|||&#8220; custom_padding__hover=&#8220;|||&#8220;][et_pb_text admin_label=&#8220;Nehmen Sie an unserer Umfrage&#8220; _builder_version=&#8220;4.7.4&#8243; text_font_size=&#8220;13px&#8220; text_letter_spacing=&#8220;1px&#8220; custom_padding=&#8220;20%|||&#8220; hover_enabled=&#8220;0&#8243; custom_padding_last_edited=&#8220;on|phone&#8220; sticky_enabled=&#8220;0&#8243; custom_padding_phone=&#8220;|4%||4%|false|false&#8220;]<\/p>\n<p>Nehmen Sie an unserer Umfrage zum Thema Altersarmut Teil: <a href=\"https:\/\/save-society.org\/home\/altersarmut-umfrage\/\" title=\"Umfrage Altersarmut\">Umfrage Altersarmut<\/a><\/p>\n<p>[\/et_pb_text][\/et_pb_column][et_pb_column type=&#8220;1_4&#8243; _builder_version=&#8220;3.25&#8243; custom_padding=&#8220;|||2%&#8220; custom_padding__hover=&#8220;|||&#8220;][et_pb_blurb title=&#8220;UMFRAGE MOBBING&#8220; url=&#8220;https:\/\/save-society.org\/home\/meinung\/&#8220; use_icon=&#8220;on&#8220; font_icon=&#8220;%%57%%&#8220; icon_color=&#8220;#ffffff&#8220; use_icon_font_size=&#8220;on&#8220; icon_font_size=&#8220;50px&#8220; admin_label=&#8220;UMFRAGE MOBBING&#8220; module_class=&#8220;blurb-8&#8243; _builder_version=&#8220;3.19.9&#8243; header_level=&#8220;h5&#8243; header_font=&#8220;OpenSans-SemiBold|700|||||||&#8220; header_text_color=&#8220;#ffffff&#8220; header_font_size=&#8220;11px&#8220; header_letter_spacing=&#8220;2px&#8220; header_line_height=&#8220;1.4em&#8220; body_font=&#8220;OpenSans-Regular||||||||&#8220; body_text_color=&#8220;#ffffff&#8220; body_font_size=&#8220;16px&#8220; body_line_height=&#8220;1.8em&#8220; text_orientation=&#8220;center&#8220; custom_padding=&#8220;30px|30px|30px|30px&#8220; animation_style=&#8220;zoom&#8220; link_option_url=&#8220;https:\/\/save-society.org\/home\/meinung\/&#8220; border_color_all=&#8220;#dddddd&#8220; use_border_color=&#8220;on&#8220;][\/et_pb_blurb][\/et_pb_column][et_pb_column type=&#8220;1_4&#8243; _builder_version=&#8220;3.25&#8243; custom_padding=&#8220;|||&#8220; custom_padding__hover=&#8220;|||&#8220;][et_pb_text admin_label=&#8220;Welche Art von Mobbing haben&#8220; _builder_version=&#8220;4.7.4&#8243; text_font_size=&#8220;13px&#8220; text_letter_spacing=&#8220;1px&#8220; custom_padding=&#8220;20%|||&#8220; hover_enabled=&#8220;0&#8243; custom_padding_last_edited=&#8220;on|phone&#8220; custom_padding_phone=&#8220;|4%||4%|false|false&#8220; sticky_enabled=&#8220;0&#8243;]<\/p>\n<p>Welche Art von Mobbing haben Sie schon erlebt? <a href=\"https:\/\/save-society.org\/home\/meinung\/\" title=\"Umfrage Mobbing\">Umfrage Mobbing<\/a><\/p>\n<p>[\/et_pb_text][\/et_pb_column][\/et_pb_row][et_pb_row column_structure=&#8220;1_4,1_4,1_4,1_4&#8243; _builder_version=&#8220;3.25&#8243; background_color=&#8220;rgba(0,0,0,0.75)&#8220; module_alignment=&#8220;center&#8220; custom_padding=&#8220;|2%||&#8220;][et_pb_column type=&#8220;1_4&#8243; _builder_version=&#8220;3.25&#8243; custom_padding=&#8220;|||2%&#8220; custom_padding__hover=&#8220;|||&#8220;][et_pb_blurb title=&#8220;UMFRAGE DISKRIMINIERUNG&#8220; url=&#8220;https:\/\/save-society.org\/home\/umfrage-diskriminierung\/&#8220; use_icon=&#8220;on&#8220; font_icon=&#8220;%%57%%&#8220; icon_color=&#8220;#ffffff&#8220; use_icon_font_size=&#8220;on&#8220; icon_font_size=&#8220;50px&#8220; admin_label=&#8220;UMFRAGE DISKRIMINIERUNG&#8220; module_class=&#8220;blurb-8&#8243; _builder_version=&#8220;3.19.9&#8243; header_level=&#8220;h5&#8243; header_font=&#8220;OpenSans-SemiBold|700|||||||&#8220; header_text_color=&#8220;#ffffff&#8220; header_font_size=&#8220;11px&#8220; header_letter_spacing=&#8220;2px&#8220; header_line_height=&#8220;1.4em&#8220; body_font=&#8220;OpenSans-Regular||||||||&#8220; body_text_color=&#8220;#ffffff&#8220; body_font_size=&#8220;16px&#8220; body_line_height=&#8220;1.8em&#8220; text_orientation=&#8220;center&#8220; custom_padding=&#8220;30px|30px|30px|30px&#8220; animation_style=&#8220;zoom&#8220; link_option_url=&#8220;https:\/\/save-society.org\/home\/umfrage-diskriminierung\/&#8220; border_color_all=&#8220;#dddddd&#8220; use_border_color=&#8220;on&#8220;][\/et_pb_blurb][\/et_pb_column][et_pb_column type=&#8220;1_4&#8243; _builder_version=&#8220;3.25&#8243; custom_padding=&#8220;|||&#8220; custom_padding__hover=&#8220;|||&#8220;][et_pb_text admin_label=&#8220;Haben Sie schon Erfahrungen&#8220; _builder_version=&#8220;4.7.4&#8243; text_font_size=&#8220;13px&#8220; text_letter_spacing=&#8220;1px&#8220; custom_padding=&#8220;20%|||&#8220; hover_enabled=&#8220;0&#8243; custom_padding_last_edited=&#8220;on|phone&#8220; custom_padding_phone=&#8220;20%|4%||4%|false|false&#8220; sticky_enabled=&#8220;0&#8243;]<\/p>\n<p>Haben Sie schon Erfahrungen mit Diskriminierung gemacht? <a href=\"https:\/\/save-society.org\/home\/umfrage-diskriminierung\/\" title=\"Umfrage Diskriminierung\">Umfrage Diskriminierung<\/a><\/p>\n<p>[\/et_pb_text][\/et_pb_column][et_pb_column type=&#8220;1_4&#8243; _builder_version=&#8220;3.25&#8243; custom_padding=&#8220;|||2%&#8220; custom_padding__hover=&#8220;|||&#8220;][et_pb_blurb title=&#8220;BEFRAGUNG&#8220; url=&#8220;https:\/\/save-society.org\/home\/befragung\/&#8220; url_new_window=&#8220;on&#8220; use_icon=&#8220;on&#8220; font_icon=&#8220;%%75%%&#8220; icon_color=&#8220;#ffffff&#8220; use_icon_font_size=&#8220;on&#8220; icon_font_size=&#8220;50px&#8220; admin_label=&#8220;BEFRAGUNG&#8220; module_class=&#8220;blurb-8&#8243; _builder_version=&#8220;3.19.9&#8243; header_level=&#8220;h5&#8243; header_font=&#8220;OpenSans-SemiBold|700|||||||&#8220; header_text_color=&#8220;#ffffff&#8220; header_font_size=&#8220;11px&#8220; header_letter_spacing=&#8220;2px&#8220; header_line_height=&#8220;1.4em&#8220; body_font=&#8220;OpenSans-Regular||||||||&#8220; body_text_color=&#8220;#ffffff&#8220; body_font_size=&#8220;16px&#8220; body_line_height=&#8220;1.8em&#8220; text_orientation=&#8220;center&#8220; custom_padding=&#8220;30px|30px|30px|30px&#8220; animation_style=&#8220;zoom&#8220; link_option_url=&#8220;https:\/\/save-society.org\/home\/befragung\/&#8220; link_option_url_new_window=&#8220;on&#8220; border_color_all=&#8220;#dddddd&#8220; use_border_color=&#8220;on&#8220;][\/et_pb_blurb][\/et_pb_column][et_pb_column type=&#8220;1_4&#8243; _builder_version=&#8220;3.25&#8243; custom_padding=&#8220;|||&#8220; custom_padding__hover=&#8220;|||&#8220;][et_pb_text admin_label=&#8220;Wir wollen uns verbessern&#8220; _builder_version=&#8220;4.7.4&#8243; text_font_size=&#8220;13px&#8220; text_letter_spacing=&#8220;1px&#8220; custom_padding=&#8220;20%|||&#8220; hover_enabled=&#8220;0&#8243; custom_padding_last_edited=&#8220;on|phone&#8220; custom_padding_phone=&#8220;20%|4%||4%|false|false&#8220; sticky_enabled=&#8220;0&#8243;]<\/p>\n<p>Wir wollen uns verbessern und ben\u00f6tigen daf\u00fcr Ihre Hilfe: <a href=\"https:\/\/save-society.org\/home\/befragung\/\" title=\"Befragung\">Befragung<\/a><\/p>\n<p>[\/et_pb_text][\/et_pb_column][\/et_pb_row][et_pb_row column_structure=&#8220;1_4,1_4,1_4,1_4&#8243; _builder_version=&#8220;3.25&#8243; background_color=&#8220;rgba(0,0,0,0.75)&#8220; module_alignment=&#8220;center&#8220; custom_padding=&#8220;|2%||&#8220;][et_pb_column type=&#8220;1_4&#8243; _builder_version=&#8220;3.25&#8243; custom_padding=&#8220;|||2%&#8220; custom_padding__hover=&#8220;|||&#8220;][et_pb_blurb title=&#8220;IHRE IDEEN&#8220; url=&#8220;https:\/\/save-society.org\/home\/kreative-idee\/&#8220; url_new_window=&#8220;on&#8220; use_icon=&#8220;on&#8220; font_icon=&#8220;%%75%%&#8220; icon_color=&#8220;#ffffff&#8220; use_icon_font_size=&#8220;on&#8220; icon_font_size=&#8220;50px&#8220; admin_label=&#8220;IHRE IDEEN&#8220; module_class=&#8220;blurb-8&#8243; _builder_version=&#8220;3.19.9&#8243; header_level=&#8220;h5&#8243; header_font=&#8220;OpenSans-SemiBold|700|||||||&#8220; header_text_color=&#8220;#ffffff&#8220; header_font_size=&#8220;11px&#8220; header_letter_spacing=&#8220;2px&#8220; header_line_height=&#8220;1.4em&#8220; body_font=&#8220;OpenSans-Regular||||||||&#8220; body_text_color=&#8220;#ffffff&#8220; body_font_size=&#8220;16px&#8220; body_line_height=&#8220;1.8em&#8220; text_orientation=&#8220;center&#8220; custom_padding=&#8220;30px|30px|30px|30px&#8220; animation_style=&#8220;zoom&#8220; link_option_url=&#8220;https:\/\/save-society.org\/home\/kreative-idee\/&#8220; link_option_url_new_window=&#8220;on&#8220; border_color_all=&#8220;#dddddd&#8220; use_border_color=&#8220;on&#8220;][\/et_pb_blurb][\/et_pb_column][et_pb_column type=&#8220;1_4&#8243; _builder_version=&#8220;3.25&#8243; custom_padding=&#8220;|||&#8220; custom_padding__hover=&#8220;|||&#8220;][et_pb_text admin_label=&#8220;Haben Sie eine kreative Idee&#8220; _builder_version=&#8220;4.7.4&#8243; text_font_size=&#8220;13px&#8220; text_letter_spacing=&#8220;1px&#8220; custom_padding=&#8220;20%|||&#8220; hover_enabled=&#8220;0&#8243; custom_padding_last_edited=&#8220;on|phone&#8220; custom_padding_phone=&#8220;20%|4%||4%|false|false&#8220; sticky_enabled=&#8220;0&#8243;]<\/p>\n<p>Helfen Sie durch Ihre kreative Idee vor Mobbing, Altersarmut und Diskriminierung: <a href=\"https:\/\/save-society.org\/home\/kreative-idee\/\" title=\"Kreative Idee\">Kreative Idee<\/a><\/p>\n<p>[\/et_pb_text][\/et_pb_column][et_pb_column type=&#8220;1_4&#8243; _builder_version=&#8220;3.25&#8243; custom_padding=&#8220;|||2%&#8220; custom_padding__hover=&#8220;|||&#8220;][et_pb_blurb title=&#8220;KREUZWORT R\u00c4TSEL&#8220; url=&#8220;https:\/\/save-society.org\/home\/kreuzwortraetsel-sozial\/&#8220; url_new_window=&#8220;on&#8220; use_icon=&#8220;on&#8220; font_icon=&#8220;%%57%%&#8220; icon_color=&#8220;#ffffff&#8220; use_icon_font_size=&#8220;on&#8220; icon_font_size=&#8220;50px&#8220; admin_label=&#8220;KREUZWORTR\u00c4TSEL&#8220; module_class=&#8220;blurb-8&#8243; _builder_version=&#8220;4.2&#8243; header_level=&#8220;h5&#8243; header_font=&#8220;OpenSans-SemiBold|700|||||||&#8220; header_text_color=&#8220;#ffffff&#8220; header_font_size=&#8220;11px&#8220; header_letter_spacing=&#8220;2px&#8220; header_line_height=&#8220;1.4em&#8220; body_font=&#8220;OpenSans-Regular||||||||&#8220; body_text_color=&#8220;#ffffff&#8220; body_font_size=&#8220;16px&#8220; body_line_height=&#8220;1.8em&#8220; text_orientation=&#8220;center&#8220; custom_padding=&#8220;30px|30px|30px|30px&#8220; animation_style=&#8220;zoom&#8220; link_option_url=&#8220;https:\/\/save-society.org\/home\/kreuzwortraetsel-sozial\/&#8220; link_option_url_new_window=&#8220;on&#8220; border_color_all=&#8220;#dddddd&#8220; use_border_color=&#8220;on&#8220;][\/et_pb_blurb][\/et_pb_column][et_pb_column type=&#8220;1_4&#8243; _builder_version=&#8220;3.25&#8243; custom_padding=&#8220;|||&#8220; custom_padding__hover=&#8220;|||&#8220;][et_pb_text admin_label=&#8220;Stellen Sie Ihre grauen Zellen&#8220; _builder_version=&#8220;4.7.4&#8243; text_font_size=&#8220;13px&#8220; text_letter_spacing=&#8220;1px&#8220; custom_padding=&#8220;20%|||&#8220; hover_enabled=&#8220;0&#8243; custom_padding_last_edited=&#8220;on|phone&#8220; custom_padding_phone=&#8220;20%|4%||4%|false|false&#8220; sticky_enabled=&#8220;0&#8243;]<\/p>\n<p>Stellen Sie Ihre grauen Zellen auf die Probe durch unser Sozial Quiz: <a href=\"https:\/\/save-society.org\/home\/kreuzwortraetsel-sozial\/\" title=\"Sozial Quiz\">Kreuzwortr\u00e4tsel<\/a><\/p>\n<p>[\/et_pb_text][\/et_pb_column][\/et_pb_row][et_pb_row _builder_version=&#8220;3.25&#8243;][et_pb_column type=&#8220;4_4&#8243; _builder_version=&#8220;3.25&#8243; custom_padding=&#8220;|||&#8220; custom_padding__hover=&#8220;|||&#8220;][et_pb_divider show_divider=&#8220;off&#8220; _builder_version=&#8220;4.7.3&#8243; height=&#8220;0px&#8220; custom_padding=&#8220;||700px||false|false&#8220;][\/et_pb_divider][\/et_pb_column][\/et_pb_row][\/et_pb_section]<\/p>\n","protected":false},"excerpt":{"rendered":"<p>Mach mit &#8211; Haben Sie eine kreative Ideen zu einem sozialen Thema? M\u00f6chten Sie etwas in Deutschland oder der Welt ver\u00e4ndern? Dann schreiben Sie uns. Wir sind schon sehr gespannt auf Ihre Post. M\u00f6gliche Ans\u00e4tze k\u00f6nnten Verbesserungen der momentanen Situation im Bereich Altersarmut, Mobbing und Diskriminierung sein.<\/p>\n","protected":false},"author":1,"featured_media":7998,"parent":0,"menu_order":0,"comment_status":"closed","ping_status":"closed","template":"","meta":{"_et_pb_use_builder":"on","_et_pb_old_content":"","_et_gb_content_width":"","footnotes":""},"class_list":["post-7997","page","type-page","status-publish","has-post-thumbnail","hentry"],"yoast_head":"<!-- This site is optimized with the Yoast SEO plugin v27.3 - https:\/\/yoast.com\/product\/yoast-seo-wordpress\/ -->\n<title>Mach mit - Save Society<\/title>\n<meta name=\"description\" content=\"Mach mit - Haben Sie eine kreative Ideen zu einem sozialen Thema? M\u00f6chten Sie etwas in Deutschland oder der Welt ver\u00e4ndern? Dann schreiben Sie uns.\" \/>\n<meta name=\"robots\" content=\"index, follow, max-snippet:-1, max-image-preview:large, max-video-preview:-1\" \/>\n<link rel=\"canonical\" href=\"https:\/\/save-society.org\/home\/mach-mit\/\" \/>\n<meta property=\"og:locale\" content=\"de_DE\" \/>\n<meta property=\"og:type\" content=\"article\" \/>\n<meta property=\"og:title\" content=\"Mach mit - Save Society\" \/>\n<meta property=\"og:description\" content=\"Mach mit - Haben Sie eine kreative Ideen zu einem sozialen Thema? M\u00f6chten Sie etwas in Deutschland oder der Welt ver\u00e4ndern? Dann schreiben Sie uns.\" \/>\n<meta property=\"og:url\" content=\"https:\/\/save-society.org\/home\/mach-mit\/\" \/>\n<meta property=\"og:site_name\" content=\"Save Society\" \/>\n<meta property=\"article:publisher\" content=\"https:\/\/www.facebook.com\/savesociety.eu\/\" \/>\n<meta property=\"article:modified_time\" content=\"2020-12-03T16:19:08+00:00\" \/>\n<meta property=\"og:image\" content=\"https:\/\/save-society.org\/home\/wp-content\/uploads\/2019\/01\/save-society-mach-mit.jpg\" \/>\n\t<meta property=\"og:image:width\" content=\"1000\" \/>\n\t<meta property=\"og:image:height\" content=\"583\" \/>\n\t<meta property=\"og:image:type\" content=\"image\/jpeg\" \/>\n<meta name=\"twitter:card\" content=\"summary_large_image\" \/>\n<meta name=\"twitter:label1\" content=\"Gesch\u00e4tzte Lesezeit\" \/>\n\t<meta name=\"twitter:data1\" content=\"7\u00a0Minuten\" \/>\n<script type=\"application\/ld+json\" class=\"yoast-schema-graph\">{\"@context\":\"https:\\\/\\\/schema.org\",\"@graph\":[{\"@type\":\"WebPage\",\"@id\":\"https:\\\/\\\/save-society.org\\\/home\\\/mach-mit\\\/\",\"url\":\"https:\\\/\\\/save-society.org\\\/home\\\/mach-mit\\\/\",\"name\":\"Mach mit - Save Society\",\"isPartOf\":{\"@id\":\"https:\\\/\\\/save-society.org\\\/home\\\/#website\"},\"primaryImageOfPage\":{\"@id\":\"https:\\\/\\\/save-society.org\\\/home\\\/mach-mit\\\/#primaryimage\"},\"image\":{\"@id\":\"https:\\\/\\\/save-society.org\\\/home\\\/mach-mit\\\/#primaryimage\"},\"thumbnailUrl\":\"https:\\\/\\\/save-society.org\\\/home\\\/wp-content\\\/uploads\\\/2019\\\/01\\\/save-society-mach-mit.jpg\",\"datePublished\":\"2019-01-11T10:24:23+00:00\",\"dateModified\":\"2020-12-03T16:19:08+00:00\",\"description\":\"Mach mit - Haben Sie eine kreative Ideen zu einem sozialen Thema? M\u00f6chten Sie etwas in Deutschland oder der Welt ver\u00e4ndern? Dann schreiben Sie uns.\",\"breadcrumb\":{\"@id\":\"https:\\\/\\\/save-society.org\\\/home\\\/mach-mit\\\/#breadcrumb\"},\"inLanguage\":\"de\",\"potentialAction\":[{\"@type\":\"ReadAction\",\"target\":[\"https:\\\/\\\/save-society.org\\\/home\\\/mach-mit\\\/\"]}]},{\"@type\":\"ImageObject\",\"inLanguage\":\"de\",\"@id\":\"https:\\\/\\\/save-society.org\\\/home\\\/mach-mit\\\/#primaryimage\",\"url\":\"https:\\\/\\\/save-society.org\\\/home\\\/wp-content\\\/uploads\\\/2019\\\/01\\\/save-society-mach-mit.jpg\",\"contentUrl\":\"https:\\\/\\\/save-society.org\\\/home\\\/wp-content\\\/uploads\\\/2019\\\/01\\\/save-society-mach-mit.jpg\",\"width\":1000,\"height\":583,\"caption\":\"Mach mit | Save Society\"},{\"@type\":\"BreadcrumbList\",\"@id\":\"https:\\\/\\\/save-society.org\\\/home\\\/mach-mit\\\/#breadcrumb\",\"itemListElement\":[{\"@type\":\"ListItem\",\"position\":1,\"name\":\"Startseite\",\"item\":\"https:\\\/\\\/save-society.org\\\/home\\\/\"},{\"@type\":\"ListItem\",\"position\":2,\"name\":\"Mach mit\"}]},{\"@type\":\"WebSite\",\"@id\":\"https:\\\/\\\/save-society.org\\\/home\\\/#website\",\"url\":\"https:\\\/\\\/save-society.org\\\/home\\\/\",\"name\":\"Save Society\",\"description\":\"Gemeinn\u00fctzige Organisation\",\"publisher\":{\"@id\":\"https:\\\/\\\/save-society.org\\\/home\\\/#organization\"},\"potentialAction\":[{\"@type\":\"SearchAction\",\"target\":{\"@type\":\"EntryPoint\",\"urlTemplate\":\"https:\\\/\\\/save-society.org\\\/home\\\/?s={search_term_string}\"},\"query-input\":{\"@type\":\"PropertyValueSpecification\",\"valueRequired\":true,\"valueName\":\"search_term_string\"}}],\"inLanguage\":\"de\"},{\"@type\":\"Organization\",\"@id\":\"https:\\\/\\\/save-society.org\\\/home\\\/#organization\",\"name\":\"Save Society\",\"url\":\"https:\\\/\\\/save-society.org\\\/home\\\/\",\"logo\":{\"@type\":\"ImageObject\",\"inLanguage\":\"de\",\"@id\":\"https:\\\/\\\/save-society.org\\\/home\\\/#\\\/schema\\\/logo\\\/image\\\/\",\"url\":\"https:\\\/\\\/save-society.org\\\/home\\\/wp-content\\\/uploads\\\/2018\\\/04\\\/savesociety_logo_full.jpg\",\"contentUrl\":\"https:\\\/\\\/save-society.org\\\/home\\\/wp-content\\\/uploads\\\/2018\\\/04\\\/savesociety_logo_full.jpg\",\"width\":1831,\"height\":1112,\"caption\":\"Save Society\"},\"image\":{\"@id\":\"https:\\\/\\\/save-society.org\\\/home\\\/#\\\/schema\\\/logo\\\/image\\\/\"},\"sameAs\":[\"https:\\\/\\\/www.facebook.com\\\/savesociety.eu\\\/\"]}]}<\/script>\n<!-- \/ Yoast SEO plugin. -->","yoast_head_json":{"title":"Mach mit - Save Society","description":"Mach mit - Haben Sie eine kreative Ideen zu einem sozialen Thema? M\u00f6chten Sie etwas in Deutschland oder der Welt ver\u00e4ndern? Dann schreiben Sie uns.","robots":{"index":"index","follow":"follow","max-snippet":"max-snippet:-1","max-image-preview":"max-image-preview:large","max-video-preview":"max-video-preview:-1"},"canonical":"https:\/\/save-society.org\/home\/mach-mit\/","og_locale":"de_DE","og_type":"article","og_title":"Mach mit - Save Society","og_description":"Mach mit - Haben Sie eine kreative Ideen zu einem sozialen Thema? M\u00f6chten Sie etwas in Deutschland oder der Welt ver\u00e4ndern? Dann schreiben Sie uns.","og_url":"https:\/\/save-society.org\/home\/mach-mit\/","og_site_name":"Save Society","article_publisher":"https:\/\/www.facebook.com\/savesociety.eu\/","article_modified_time":"2020-12-03T16:19:08+00:00","og_image":[{"width":1000,"height":583,"url":"https:\/\/save-society.org\/home\/wp-content\/uploads\/2019\/01\/save-society-mach-mit.jpg","type":"image\/jpeg"}],"twitter_card":"summary_large_image","twitter_misc":{"Gesch\u00e4tzte Lesezeit":"7\u00a0Minuten"},"schema":{"@context":"https:\/\/schema.org","@graph":[{"@type":"WebPage","@id":"https:\/\/save-society.org\/home\/mach-mit\/","url":"https:\/\/save-society.org\/home\/mach-mit\/","name":"Mach mit - Save Society","isPartOf":{"@id":"https:\/\/save-society.org\/home\/#website"},"primaryImageOfPage":{"@id":"https:\/\/save-society.org\/home\/mach-mit\/#primaryimage"},"image":{"@id":"https:\/\/save-society.org\/home\/mach-mit\/#primaryimage"},"thumbnailUrl":"https:\/\/save-society.org\/home\/wp-content\/uploads\/2019\/01\/save-society-mach-mit.jpg","datePublished":"2019-01-11T10:24:23+00:00","dateModified":"2020-12-03T16:19:08+00:00","description":"Mach mit - Haben Sie eine kreative Ideen zu einem sozialen Thema? M\u00f6chten Sie etwas in Deutschland oder der Welt ver\u00e4ndern? Dann schreiben Sie uns.","breadcrumb":{"@id":"https:\/\/save-society.org\/home\/mach-mit\/#breadcrumb"},"inLanguage":"de","potentialAction":[{"@type":"ReadAction","target":["https:\/\/save-society.org\/home\/mach-mit\/"]}]},{"@type":"ImageObject","inLanguage":"de","@id":"https:\/\/save-society.org\/home\/mach-mit\/#primaryimage","url":"https:\/\/save-society.org\/home\/wp-content\/uploads\/2019\/01\/save-society-mach-mit.jpg","contentUrl":"https:\/\/save-society.org\/home\/wp-content\/uploads\/2019\/01\/save-society-mach-mit.jpg","width":1000,"height":583,"caption":"Mach mit | Save Society"},{"@type":"BreadcrumbList","@id":"https:\/\/save-society.org\/home\/mach-mit\/#breadcrumb","itemListElement":[{"@type":"ListItem","position":1,"name":"Startseite","item":"https:\/\/save-society.org\/home\/"},{"@type":"ListItem","position":2,"name":"Mach mit"}]},{"@type":"WebSite","@id":"https:\/\/save-society.org\/home\/#website","url":"https:\/\/save-society.org\/home\/","name":"Save Society","description":"Gemeinn\u00fctzige Organisation","publisher":{"@id":"https:\/\/save-society.org\/home\/#organization"},"potentialAction":[{"@type":"SearchAction","target":{"@type":"EntryPoint","urlTemplate":"https:\/\/save-society.org\/home\/?s={search_term_string}"},"query-input":{"@type":"PropertyValueSpecification","valueRequired":true,"valueName":"search_term_string"}}],"inLanguage":"de"},{"@type":"Organization","@id":"https:\/\/save-society.org\/home\/#organization","name":"Save Society","url":"https:\/\/save-society.org\/home\/","logo":{"@type":"ImageObject","inLanguage":"de","@id":"https:\/\/save-society.org\/home\/#\/schema\/logo\/image\/","url":"https:\/\/save-society.org\/home\/wp-content\/uploads\/2018\/04\/savesociety_logo_full.jpg","contentUrl":"https:\/\/save-society.org\/home\/wp-content\/uploads\/2018\/04\/savesociety_logo_full.jpg","width":1831,"height":1112,"caption":"Save Society"},"image":{"@id":"https:\/\/save-society.org\/home\/#\/schema\/logo\/image\/"},"sameAs":["https:\/\/www.facebook.com\/savesociety.eu\/"]}]}},"_links":{"self":[{"href":"https:\/\/save-society.org\/home\/wp-json\/wp\/v2\/pages\/7997","targetHints":{"allow":["GET"]}}],"collection":[{"href":"https:\/\/save-society.org\/home\/wp-json\/wp\/v2\/pages"}],"about":[{"href":"https:\/\/save-society.org\/home\/wp-json\/wp\/v2\/types\/page"}],"author":[{"embeddable":true,"href":"https:\/\/save-society.org\/home\/wp-json\/wp\/v2\/users\/1"}],"replies":[{"embeddable":true,"href":"https:\/\/save-society.org\/home\/wp-json\/wp\/v2\/comments?post=7997"}],"version-history":[{"count":4,"href":"https:\/\/save-society.org\/home\/wp-json\/wp\/v2\/pages\/7997\/revisions"}],"predecessor-version":[{"id":14642,"href":"https:\/\/save-society.org\/home\/wp-json\/wp\/v2\/pages\/7997\/revisions\/14642"}],"wp:featuredmedia":[{"embeddable":true,"href":"https:\/\/save-society.org\/home\/wp-json\/wp\/v2\/media\/7998"}],"wp:attachment":[{"href":"https:\/\/save-society.org\/home\/wp-json\/wp\/v2\/media?parent=7997"}],"curies":[{"name":"wp","href":"https:\/\/api.w.org\/{rel}","templated":true}]}}