{"id":8363,"date":"2017-01-19T18:47:39","date_gmt":"2017-01-19T17:47:39","guid":{"rendered":"https:\/\/save-society.org\/home\/?page_id=8363"},"modified":"2020-12-07T06:33:58","modified_gmt":"2020-12-07T05:33:58","slug":"freiwilligenarbeit-homeoffice","status":"publish","type":"page","link":"https:\/\/save-society.org\/home\/bewerbung\/freiwilligenarbeit-homeoffice\/","title":{"rendered":"Freiwilligenarbeit Homeoffice"},"content":{"rendered":"<p>[et_pb_section fb_built=&#8220;1&#8243; admin_label=&#8220;Service Section&#8220; _builder_version=&#8220;3.22&#8243; background_image=&#8220;https:\/\/save-society.org\/home\/wp-content\/uploads\/2018\/04\/savesociety-fotos-4-1.jpg&#8220; parallax=&#8220;on&#8220; parallax_method=&#8220;off&#8220; background_video_width=&#8220;1920&#8243; background_video_height=&#8220;1200&#8243; allow_player_pause=&#8220;on&#8220; custom_margin=&#8220;0px|0px|0px|0px&#8220; custom_padding=&#8220;0px|0px|0px|0px&#8220;][et_pb_row _builder_version=&#8220;3.25&#8243; background_color=&#8220;rgba(0,0,0,0.75)&#8220; module_alignment=&#8220;center&#8220; custom_padding=&#8220;|5%||5%&#8220;][et_pb_column type=&#8220;4_4&#8243; _builder_version=&#8220;3.25&#8243; custom_padding=&#8220;|||&#8220; custom_padding__hover=&#8220;|||&#8220;][et_pb_text admin_label=&#8220;Freiwillige\/n f\u00fcr Homeoffice Aufgaben&#8220; _builder_version=&#8220;4.7.4&#8243; text_text_color=&#8220;#ffffff&#8220; text_font_size=&#8220;16px&#8220; text_letter_spacing=&#8220;1px&#8220; header_text_align=&#8220;left&#8220; header_text_color=&#8220;#ffffff&#8220; header_letter_spacing=&#8220;1px&#8220; header_2_letter_spacing=&#8220;1px&#8220; header_3_letter_spacing=&#8220;1px&#8220; header_4_letter_spacing=&#8220;1px&#8220; text_orientation=&#8220;justified&#8220; background_layout=&#8220;dark&#8220; custom_padding=&#8220;5%|5%|5%|5%&#8220; saved_tabs=&#8220;all&#8220;]<\/p>\n<h1>Freiwillige\/n (w\/m\/d) f\u00fcr Homeoffice Aufgaben<\/h1>\n<p>Ausschreibung: 07.12.2020<\/p>\n<p>&nbsp;<\/p>\n<p>&nbsp;<\/p>\n<h3>Eine\/n Freiwillige\/n f\u00fcr Homeoffice Aufgaben<\/h3>\n<p>&nbsp;<\/p>\n<h3>Stellenbeschreibung:<\/h3>\n<p>Zeigen Sie Engagement f\u00fcr andere Menschen. Werden Sie Freiwillige\/r Helfer bei der Save Society und unterst\u00fctzen Sie unsere Projekte und Arbeit ganz konkret.<\/p>\n<p>Als Teil des Teams erfahren Sie mehr \u00fcber unsere Themen und Projekte. Sie packen mit an und helfen bei allen T\u00e4tigkeiten mit, die sich vom Homeoffice aus bearbeiten lassen. Sie planen und organisieren neue Projekte, recherchieren, vereinbaren Termine und arbeiten eng mit unserem Team zusammen.<\/p>\n<h3>Das Aufgabenspektrum umfasst:<\/h3>\n<ul>\n<li>Planung und Organisation von Projekten und Veranstaltungen<\/li>\n<li>Unterst\u00fctzung bei allgemeinen T\u00e4tigkeiten<\/li>\n<li>Redaktionelle Arbeit<\/li>\n<\/ul>\n<p>&nbsp;<\/p>\n<h3>Warum Freiwilligenarbeit?<\/h3>\n<p>Durch die Freiwilligenarbeit engagiert man sich nicht nur f\u00fcr andere Menschen und das Gemeinwohl. Sondern man erweist auch sich selbst viel Gutes. Durch ein soziales Engagement kann man sich und andere Menschen und Kulturen besser kennen lernen.<\/p>\n<p>Gerade junge Menschen, die mit der Schule fertig sind und noch nicht direkt studieren oder eine Ausbildung beginnen, k\u00f6nnen durch die Freiwilligenarbeit zun\u00e4chst praktische Erfahrungen sammeln. Dadurch ist es m\u00f6glich, die Zeit bis zum Studienbeginn, sinnvoll zu nutzen. Wer die richtige berufliche Richtung die er einschlagen soll noch nicht gefunden hat, kann dadurch verschiedene Arbeitsbereiche kennen lernen. Dies gilt auch f\u00fcr Berufst\u00e4tige oder Selbstst\u00e4ndige. Wer gerne etwas Neues ausprobieren m\u00f6chte, findet so eine schnelle und zwanglose M\u00f6glichkeit.<\/p>\n<p>Der oder die Freiwillige leistet einen ehrenamtlichen Beitrag f\u00fcr den Schutz von Menschen und bekommt gleichzeitig einen guten \u00dcberblick in die Arbeit einer gemeinn\u00fctzigen Organisation. Wir f\u00f6rdern den toleranten Austausch und die Vernetzung von Oragnisationen. Wir setzen uns f\u00fcr ein harmonisches Miteinander ein. Wir unterst\u00fctzen die M\u00f6glichkeiten der Diversit\u00e4t.<\/p>\n<h3>Was w\u00fcnschen wir uns:<\/h3>\n<ul>\n<li>Interesse an sozialen Themen, speziel im Bereich Diskriminierung, Mobbing, Armut<\/li>\n<li>Kreativit\u00e4t, Leidenschaft, gute Ideen und viel Spa\u00df bei der Projektarbeit<\/li>\n<li>Lust sich voll einzubringen und mitzuhelfen<\/li>\n<li>Einen routinierten Umgang mit dem Computer, E-Mail- und Schreib-Programm und dem Telefon<\/li>\n<\/ul>\n<p>&nbsp;<\/p>\n<h3>Allgemeines:<\/h3>\n<ul>\n<li>Dauer: Nach Vereinbarung<\/li>\n<li>Beginn: Sofort<\/li>\n<li>Zeit: Flexible Arbeitszeiteinteilung<\/li>\n<\/ul>\n<p>&nbsp;<\/p>\n<h3>Kontaktm\u00f6glichkeit:<\/h3>\n<p>F\u00fcr Fragen vorab steht Ihnen Frau Corinna Schmid gerne unter Tel.: +49 (0) 157 819 23 713 oder unter: homeoffice@save-society.org zur Verf\u00fcgung. Wir freuen uns schon jetzt auf Ihre Bewerbung.<\/p>\n<p>Hinweis: Wenn Sie uns Unterlagen zusenden, werden diese zur Bearbeitung aufbewahrt. Findet keine positive Entscheidung statt, werden Ihre elektronischen Unterlagen gel\u00f6scht. Sie haben jederzeit die M\u00f6glichkeit Ihre Daten einzusehen. Auf Wunsch werden Ihre Daten sofort gel\u00f6scht. Wir geben Ihre Daten nicht weiter. Bitte beachten Sie zus\u00e4tzlich unsere Hinweise zum Datenschutz.<\/p>\n<p>Informationen \u00fcber die Save Society unter: <a title=\"Save Society\" href=\"https:\/\/save-society.org\" target=\"_blank\" rel=\"noopener noreferrer\">https:\/\/save-society.org<\/a><\/p>\n<p>&nbsp;<\/p>\n<p>&nbsp;<\/p>\n<p><a href=\"https:\/\/save-society.org\/home\/bewerbung\/\">Zur\u00fcck<\/a><\/p>\n<p>[\/et_pb_text][\/et_pb_column][\/et_pb_row][et_pb_row _builder_version=&#8220;3.25&#8243; background_size=&#8220;initial&#8220; background_position=&#8220;top_left&#8220; background_repeat=&#8220;repeat&#8220;][et_pb_column type=&#8220;4_4&#8243; _builder_version=&#8220;3.25&#8243; custom_padding=&#8220;|||&#8220; custom_padding__hover=&#8220;|||&#8220;][et_pb_divider show_divider=&#8220;off&#8220; _builder_version=&#8220;3.19.6&#8243; height=&#8220;0px&#8220; custom_padding=&#8220;||50px|&#8220;][\/et_pb_divider][\/et_pb_column][\/et_pb_row][\/et_pb_section][et_pb_section fb_built=&#8220;1&#8243; admin_label=&#8220;Contact Form Section&#8220; _builder_version=&#8220;3.22&#8243; background_image=&#8220;https:\/\/save-society.org\/home\/wp-content\/uploads\/2018\/06\/savesociety-fotos-5-1.jpg&#8220; parallax=&#8220;on&#8220; parallax_method=&#8220;off&#8220; custom_padding=&#8220;110px||110px|&#8220; animation_direction=&#8220;bottom&#8220; saved_tabs=&#8220;all&#8220;][et_pb_row admin_label=&#8220;Contact Form&#8220; _builder_version=&#8220;3.25&#8243; module_alignment=&#8220;center&#8220; custom_margin=&#8220;0px||0px|&#8220; custom_padding=&#8220;0px||0px|&#8220;][et_pb_column type=&#8220;4_4&#8243; _builder_version=&#8220;3.25&#8243; custom_padding=&#8220;|||&#8220; custom_padding__hover=&#8220;|||&#8220;][et_pb_divider show_divider=&#8220;off&#8220; _builder_version=&#8220;3.10.1&#8243; height=&#8220;0px&#8220; custom_margin=&#8220;5%|||&#8220;][\/et_pb_divider][\/et_pb_column][\/et_pb_row][et_pb_row _builder_version=&#8220;4.7.3&#8243; background_color=&#8220;rgba(0,0,0,0.75)&#8220; module_alignment=&#8220;center&#8220; custom_padding=&#8220;5%|5%|3%|5%|false|false&#8220; global_module=&#8220;12037&#8243;][et_pb_column type=&#8220;4_4&#8243; _builder_version=&#8220;3.25&#8243; custom_padding=&#8220;|||&#8220; custom_padding__hover=&#8220;|||&#8220;][et_pb_blurb title=&#8220;Bewerbe Sie sich initiativ&#8220; url=&#8220;mailto:initiativ-bewerbung@save-society.org&#8220; use_icon=&#8220;on&#8220; font_icon=&#8220;%%109%%&#8220; icon_color=&#8220;#ffffff&#8220; use_circle=&#8220;on&#8220; circle_color=&#8220;rgba(255,255,255,0.1)&#8220; icon_placement=&#8220;left&#8220; content_max_width=&#8220;800px&#8220; use_icon_font_size=&#8220;on&#8220; icon_font_size=&#8220;70px&#8220; _builder_version=&#8220;4.7.3&#8243; _module_preset=&#8220;default&#8220; header_font=&#8220;|600|||||||&#8220; header_text_color=&#8220;#ffffff&#8220; header_font_size=&#8220;20px&#8220; header_letter_spacing=&#8220;1px&#8220; header_line_height=&#8220;1.3em&#8220; body_font_size=&#8220;16px&#8220; body_letter_spacing=&#8220;1px&#8220;]<\/p>\n<p>Das Passende nicht dabei gewesen? Dann bewerben Sie sich initiativ bei der Save Society. Bitte senden Sie hierzu Ihre vollst\u00e4ndigen Unterlagen mit dem Betreff \u201eInitiativ-Bewerbung\u201c an: <a href=\"mailto:initiativ-bewerbung@save-society.org\"><strong><span style=\"color: #ffffff;\">initiativ-bewerbung@save-society.org<\/span><\/strong><\/a><\/p>\n<p>&nbsp;<\/p>\n<p>Hinweis: Wenn Sie uns unterlagen zusenden, werden diese zur Bearbeitung aufbewart. Findet keine positive Entscheidung statt, werden Ihre elektronischen Unterlagen gel\u00f6scht. Sie haben jederzeit die M\u00f6glichkeit Ihre Daten einzusehen. Auf Wunsch werden Ihre Daten sofort gel\u00f6scht. Wir geben Ihre Daten nicht weiter. Bitte beachten Sie zus\u00e4tzlich unsere Hinweise zum Datenschutz: <strong><a href=\"https:\/\/save-society.org\/home\/datenschutz\/\">Datenschutz<\/a><\/strong>.<\/p>\n<p>[\/et_pb_blurb][et_pb_button button_url=&#8220;mailto:initiativ-bewerbung@save-society.org&#8220; button_text=&#8220;Jetzt bewerben&#8220; button_alignment=&#8220;center&#8220; admin_label=&#8220;Taste Informationen&#8220; _builder_version=&#8220;4.7.3&#8243; custom_button=&#8220;on&#8220; button_text_size=&#8220;16&#8243; button_text_color=&#8220;#ffffff&#8220; button_border_color=&#8220;#ffffff&#8220; button_border_radius=&#8220;100px&#8220; button_letter_spacing=&#8220;2px&#8220; button_font=&#8220;OpenSans-SemiBold|700||on|||||&#8220; button_icon=&#8220;%%36%%&#8220; animation_style=&#8220;fade&#8220; locked=&#8220;off&#8220; button_text_size__hover_enabled=&#8220;off&#8220; button_text_size__hover=&#8220;null&#8220; button_one_text_size__hover_enabled=&#8220;off&#8220; button_one_text_size__hover=&#8220;null&#8220; button_two_text_size__hover_enabled=&#8220;off&#8220; button_two_text_size__hover=&#8220;null&#8220; button_text_color__hover_enabled=&#8220;on&#8220; button_text_color__hover=&#8220;#ffffff&#8220; button_one_text_color__hover_enabled=&#8220;off&#8220; button_one_text_color__hover=&#8220;null&#8220; button_two_text_color__hover_enabled=&#8220;off&#8220; button_two_text_color__hover=&#8220;null&#8220; button_border_width__hover_enabled=&#8220;off&#8220; button_border_width__hover=&#8220;null&#8220; button_one_border_width__hover_enabled=&#8220;off&#8220; button_one_border_width__hover=&#8220;null&#8220; button_two_border_width__hover_enabled=&#8220;off&#8220; button_two_border_width__hover=&#8220;null&#8220; button_border_color__hover_enabled=&#8220;on&#8220; button_border_color__hover=&#8220;#ffffff&#8220; button_one_border_color__hover_enabled=&#8220;off&#8220; button_one_border_color__hover=&#8220;null&#8220; button_two_border_color__hover_enabled=&#8220;off&#8220; button_two_border_color__hover=&#8220;null&#8220; button_border_radius__hover_enabled=&#8220;off&#8220; button_border_radius__hover=&#8220;null&#8220; button_one_border_radius__hover_enabled=&#8220;off&#8220; button_one_border_radius__hover=&#8220;null&#8220; button_two_border_radius__hover_enabled=&#8220;off&#8220; button_two_border_radius__hover=&#8220;null&#8220; button_letter_spacing__hover_enabled=&#8220;on&#8220; button_letter_spacing__hover=&#8220;2px&#8220; button_one_letter_spacing__hover_enabled=&#8220;off&#8220; button_one_letter_spacing__hover=&#8220;null&#8220; button_two_letter_spacing__hover_enabled=&#8220;off&#8220; button_two_letter_spacing__hover=&#8220;null&#8220; button_bg_color__hover_enabled=&#8220;on&#8220; button_bg_color__hover=&#8220;rgba(0,0,0,0)&#8220; button_one_bg_color__hover_enabled=&#8220;off&#8220; button_one_bg_color__hover=&#8220;null&#8220; button_two_bg_color__hover_enabled=&#8220;off&#8220; button_two_bg_color__hover=&#8220;null&#8220;][\/et_pb_button][et_pb_divider show_divider=&#8220;off&#8220; _builder_version=&#8220;3.19.6&#8243; height=&#8220;0px&#8220; custom_padding=&#8220;||50px|&#8220;][\/et_pb_divider][\/et_pb_column][\/et_pb_row][et_pb_row admin_label=&#8220;Contact Form&#8220; _builder_version=&#8220;3.25&#8243; module_alignment=&#8220;center&#8220; custom_margin=&#8220;||0px|&#8220; custom_padding=&#8220;||0px|&#8220;][et_pb_column type=&#8220;4_4&#8243; _builder_version=&#8220;3.25&#8243; custom_padding=&#8220;|||&#8220; custom_padding__hover=&#8220;|||&#8220;][et_pb_divider show_divider=&#8220;off&#8220; _builder_version=&#8220;3.2&#8243; height=&#8220;0px&#8220; custom_padding=&#8220;||100px|&#8220;][\/et_pb_divider][\/et_pb_column][\/et_pb_row][et_pb_row admin_label=&#8220;Contact Form&#8220; _builder_version=&#8220;3.25&#8243; module_alignment=&#8220;center&#8220; custom_margin=&#8220;||0px|&#8220; custom_padding=&#8220;||0px|&#8220;][et_pb_column type=&#8220;4_4&#8243; _builder_version=&#8220;3.25&#8243; custom_padding=&#8220;|||&#8220; custom_padding__hover=&#8220;|||&#8220;][et_pb_divider show_divider=&#8220;off&#8220; _builder_version=&#8220;3.2&#8243; height=&#8220;0px&#8220; custom_padding=&#8220;||100px|&#8220;][\/et_pb_divider][\/et_pb_column][\/et_pb_row][\/et_pb_section]<\/p>\n","protected":false},"excerpt":{"rendered":"<p>Freiwilligenarbeit Bewerbung, aktuelle Jobs &#8211; Sie suchen Arbeit? Wir haben die richtige Aufgabe. Unsere Jobs sind in Deutschland. Praktikum, Freiberufler<\/p>\n","protected":false},"author":1,"featured_media":7587,"parent":4818,"menu_order":0,"comment_status":"closed","ping_status":"closed","template":"","meta":{"_et_pb_use_builder":"on","_et_pb_old_content":"","_et_gb_content_width":"","footnotes":""},"class_list":["post-8363","page","type-page","status-publish","has-post-thumbnail","hentry"],"yoast_head":"<!-- This site is optimized with the Yoast SEO plugin v27.4 - https:\/\/yoast.com\/product\/yoast-seo-wordpress\/ -->\n<title>Freiwilligenarbeit Homeoffice - Save Society<\/title>\n<meta name=\"description\" content=\"Freiwilligenarbeit Bewerbung, aktuelle Jobs - Sie suchen Arbeit? Wir haben die richtige Aufgabe. Unsere Jobs sind in Deutschland. Praktikum, Freiberufler\" \/>\n<meta name=\"robots\" content=\"index, follow, max-snippet:-1, max-image-preview:large, max-video-preview:-1\" \/>\n<link rel=\"canonical\" href=\"https:\/\/save-society.org\/home\/bewerbung\/freiwilligenarbeit-homeoffice\/\" \/>\n<meta property=\"og:locale\" content=\"de_DE\" \/>\n<meta property=\"og:type\" content=\"article\" \/>\n<meta property=\"og:title\" content=\"Freiwilligenarbeit Homeoffice - Save Society\" \/>\n<meta property=\"og:description\" content=\"Freiwilligenarbeit Bewerbung, aktuelle Jobs - Sie suchen Arbeit? Wir haben die richtige Aufgabe. Unsere Jobs sind in Deutschland. Praktikum, Freiberufler\" \/>\n<meta property=\"og:url\" content=\"https:\/\/save-society.org\/home\/bewerbung\/freiwilligenarbeit-homeoffice\/\" \/>\n<meta property=\"og:site_name\" content=\"Save Society\" \/>\n<meta property=\"article:publisher\" content=\"https:\/\/www.facebook.com\/savesociety.eu\/\" \/>\n<meta property=\"article:modified_time\" content=\"2020-12-07T05:33:58+00:00\" \/>\n<meta property=\"og:image\" content=\"https:\/\/save-society.org\/home\/wp-content\/uploads\/2019\/01\/bewerbung-save-society.jpg\" \/>\n\t<meta property=\"og:image:width\" content=\"1200\" \/>\n\t<meta property=\"og:image:height\" content=\"699\" \/>\n\t<meta property=\"og:image:type\" content=\"image\/jpeg\" \/>\n<meta name=\"twitter:card\" content=\"summary_large_image\" \/>\n<meta name=\"twitter:label1\" content=\"Gesch\u00e4tzte Lesezeit\" \/>\n\t<meta name=\"twitter:data1\" content=\"7\u00a0Minuten\" \/>\n<script type=\"application\/ld+json\" class=\"yoast-schema-graph\">{\"@context\":\"https:\\\/\\\/schema.org\",\"@graph\":[{\"@type\":\"WebPage\",\"@id\":\"https:\\\/\\\/save-society.org\\\/home\\\/bewerbung\\\/freiwilligenarbeit-homeoffice\\\/\",\"url\":\"https:\\\/\\\/save-society.org\\\/home\\\/bewerbung\\\/freiwilligenarbeit-homeoffice\\\/\",\"name\":\"Freiwilligenarbeit Homeoffice - Save Society\",\"isPartOf\":{\"@id\":\"https:\\\/\\\/save-society.org\\\/home\\\/#website\"},\"primaryImageOfPage\":{\"@id\":\"https:\\\/\\\/save-society.org\\\/home\\\/bewerbung\\\/freiwilligenarbeit-homeoffice\\\/#primaryimage\"},\"image\":{\"@id\":\"https:\\\/\\\/save-society.org\\\/home\\\/bewerbung\\\/freiwilligenarbeit-homeoffice\\\/#primaryimage\"},\"thumbnailUrl\":\"https:\\\/\\\/save-society.org\\\/home\\\/wp-content\\\/uploads\\\/2019\\\/01\\\/bewerbung-save-society.jpg\",\"datePublished\":\"2017-01-19T17:47:39+00:00\",\"dateModified\":\"2020-12-07T05:33:58+00:00\",\"description\":\"Freiwilligenarbeit Bewerbung, aktuelle Jobs - Sie suchen Arbeit? Wir haben die richtige Aufgabe. Unsere Jobs sind in Deutschland. Praktikum, Freiberufler\",\"breadcrumb\":{\"@id\":\"https:\\\/\\\/save-society.org\\\/home\\\/bewerbung\\\/freiwilligenarbeit-homeoffice\\\/#breadcrumb\"},\"inLanguage\":\"de\",\"potentialAction\":[{\"@type\":\"ReadAction\",\"target\":[\"https:\\\/\\\/save-society.org\\\/home\\\/bewerbung\\\/freiwilligenarbeit-homeoffice\\\/\"]}]},{\"@type\":\"ImageObject\",\"inLanguage\":\"de\",\"@id\":\"https:\\\/\\\/save-society.org\\\/home\\\/bewerbung\\\/freiwilligenarbeit-homeoffice\\\/#primaryimage\",\"url\":\"https:\\\/\\\/save-society.org\\\/home\\\/wp-content\\\/uploads\\\/2019\\\/01\\\/bewerbung-save-society.jpg\",\"contentUrl\":\"https:\\\/\\\/save-society.org\\\/home\\\/wp-content\\\/uploads\\\/2019\\\/01\\\/bewerbung-save-society.jpg\",\"width\":1200,\"height\":699,\"caption\":\"bewerbung save society\"},{\"@type\":\"BreadcrumbList\",\"@id\":\"https:\\\/\\\/save-society.org\\\/home\\\/bewerbung\\\/freiwilligenarbeit-homeoffice\\\/#breadcrumb\",\"itemListElement\":[{\"@type\":\"ListItem\",\"position\":1,\"name\":\"Startseite\",\"item\":\"https:\\\/\\\/save-society.org\\\/home\\\/\"},{\"@type\":\"ListItem\",\"position\":2,\"name\":\"BEWERBUNG\",\"item\":\"https:\\\/\\\/save-society.org\\\/home\\\/bewerbung\\\/\"},{\"@type\":\"ListItem\",\"position\":3,\"name\":\"Freiwilligenarbeit Homeoffice\"}]},{\"@type\":\"WebSite\",\"@id\":\"https:\\\/\\\/save-society.org\\\/home\\\/#website\",\"url\":\"https:\\\/\\\/save-society.org\\\/home\\\/\",\"name\":\"Save Society\",\"description\":\"Gemeinn\u00fctzige Organisation\",\"publisher\":{\"@id\":\"https:\\\/\\\/save-society.org\\\/home\\\/#organization\"},\"potentialAction\":[{\"@type\":\"SearchAction\",\"target\":{\"@type\":\"EntryPoint\",\"urlTemplate\":\"https:\\\/\\\/save-society.org\\\/home\\\/?s={search_term_string}\"},\"query-input\":{\"@type\":\"PropertyValueSpecification\",\"valueRequired\":true,\"valueName\":\"search_term_string\"}}],\"inLanguage\":\"de\"},{\"@type\":\"Organization\",\"@id\":\"https:\\\/\\\/save-society.org\\\/home\\\/#organization\",\"name\":\"Save Society\",\"url\":\"https:\\\/\\\/save-society.org\\\/home\\\/\",\"logo\":{\"@type\":\"ImageObject\",\"inLanguage\":\"de\",\"@id\":\"https:\\\/\\\/save-society.org\\\/home\\\/#\\\/schema\\\/logo\\\/image\\\/\",\"url\":\"https:\\\/\\\/save-society.org\\\/home\\\/wp-content\\\/uploads\\\/2018\\\/04\\\/savesociety_logo_full.jpg\",\"contentUrl\":\"https:\\\/\\\/save-society.org\\\/home\\\/wp-content\\\/uploads\\\/2018\\\/04\\\/savesociety_logo_full.jpg\",\"width\":1831,\"height\":1112,\"caption\":\"Save Society\"},\"image\":{\"@id\":\"https:\\\/\\\/save-society.org\\\/home\\\/#\\\/schema\\\/logo\\\/image\\\/\"},\"sameAs\":[\"https:\\\/\\\/www.facebook.com\\\/savesociety.eu\\\/\"]}]}<\/script>\n<!-- \/ Yoast SEO plugin. -->","yoast_head_json":{"title":"Freiwilligenarbeit Homeoffice - Save Society","description":"Freiwilligenarbeit Bewerbung, aktuelle Jobs - Sie suchen Arbeit? Wir haben die richtige Aufgabe. Unsere Jobs sind in Deutschland. Praktikum, Freiberufler","robots":{"index":"index","follow":"follow","max-snippet":"max-snippet:-1","max-image-preview":"max-image-preview:large","max-video-preview":"max-video-preview:-1"},"canonical":"https:\/\/save-society.org\/home\/bewerbung\/freiwilligenarbeit-homeoffice\/","og_locale":"de_DE","og_type":"article","og_title":"Freiwilligenarbeit Homeoffice - Save Society","og_description":"Freiwilligenarbeit Bewerbung, aktuelle Jobs - Sie suchen Arbeit? Wir haben die richtige Aufgabe. Unsere Jobs sind in Deutschland. Praktikum, Freiberufler","og_url":"https:\/\/save-society.org\/home\/bewerbung\/freiwilligenarbeit-homeoffice\/","og_site_name":"Save Society","article_publisher":"https:\/\/www.facebook.com\/savesociety.eu\/","article_modified_time":"2020-12-07T05:33:58+00:00","og_image":[{"width":1200,"height":699,"url":"https:\/\/save-society.org\/home\/wp-content\/uploads\/2019\/01\/bewerbung-save-society.jpg","type":"image\/jpeg"}],"twitter_card":"summary_large_image","twitter_misc":{"Gesch\u00e4tzte Lesezeit":"7\u00a0Minuten"},"schema":{"@context":"https:\/\/schema.org","@graph":[{"@type":"WebPage","@id":"https:\/\/save-society.org\/home\/bewerbung\/freiwilligenarbeit-homeoffice\/","url":"https:\/\/save-society.org\/home\/bewerbung\/freiwilligenarbeit-homeoffice\/","name":"Freiwilligenarbeit Homeoffice - Save Society","isPartOf":{"@id":"https:\/\/save-society.org\/home\/#website"},"primaryImageOfPage":{"@id":"https:\/\/save-society.org\/home\/bewerbung\/freiwilligenarbeit-homeoffice\/#primaryimage"},"image":{"@id":"https:\/\/save-society.org\/home\/bewerbung\/freiwilligenarbeit-homeoffice\/#primaryimage"},"thumbnailUrl":"https:\/\/save-society.org\/home\/wp-content\/uploads\/2019\/01\/bewerbung-save-society.jpg","datePublished":"2017-01-19T17:47:39+00:00","dateModified":"2020-12-07T05:33:58+00:00","description":"Freiwilligenarbeit Bewerbung, aktuelle Jobs - Sie suchen Arbeit? Wir haben die richtige Aufgabe. Unsere Jobs sind in Deutschland. Praktikum, Freiberufler","breadcrumb":{"@id":"https:\/\/save-society.org\/home\/bewerbung\/freiwilligenarbeit-homeoffice\/#breadcrumb"},"inLanguage":"de","potentialAction":[{"@type":"ReadAction","target":["https:\/\/save-society.org\/home\/bewerbung\/freiwilligenarbeit-homeoffice\/"]}]},{"@type":"ImageObject","inLanguage":"de","@id":"https:\/\/save-society.org\/home\/bewerbung\/freiwilligenarbeit-homeoffice\/#primaryimage","url":"https:\/\/save-society.org\/home\/wp-content\/uploads\/2019\/01\/bewerbung-save-society.jpg","contentUrl":"https:\/\/save-society.org\/home\/wp-content\/uploads\/2019\/01\/bewerbung-save-society.jpg","width":1200,"height":699,"caption":"bewerbung save society"},{"@type":"BreadcrumbList","@id":"https:\/\/save-society.org\/home\/bewerbung\/freiwilligenarbeit-homeoffice\/#breadcrumb","itemListElement":[{"@type":"ListItem","position":1,"name":"Startseite","item":"https:\/\/save-society.org\/home\/"},{"@type":"ListItem","position":2,"name":"BEWERBUNG","item":"https:\/\/save-society.org\/home\/bewerbung\/"},{"@type":"ListItem","position":3,"name":"Freiwilligenarbeit Homeoffice"}]},{"@type":"WebSite","@id":"https:\/\/save-society.org\/home\/#website","url":"https:\/\/save-society.org\/home\/","name":"Save Society","description":"Gemeinn\u00fctzige Organisation","publisher":{"@id":"https:\/\/save-society.org\/home\/#organization"},"potentialAction":[{"@type":"SearchAction","target":{"@type":"EntryPoint","urlTemplate":"https:\/\/save-society.org\/home\/?s={search_term_string}"},"query-input":{"@type":"PropertyValueSpecification","valueRequired":true,"valueName":"search_term_string"}}],"inLanguage":"de"},{"@type":"Organization","@id":"https:\/\/save-society.org\/home\/#organization","name":"Save Society","url":"https:\/\/save-society.org\/home\/","logo":{"@type":"ImageObject","inLanguage":"de","@id":"https:\/\/save-society.org\/home\/#\/schema\/logo\/image\/","url":"https:\/\/save-society.org\/home\/wp-content\/uploads\/2018\/04\/savesociety_logo_full.jpg","contentUrl":"https:\/\/save-society.org\/home\/wp-content\/uploads\/2018\/04\/savesociety_logo_full.jpg","width":1831,"height":1112,"caption":"Save Society"},"image":{"@id":"https:\/\/save-society.org\/home\/#\/schema\/logo\/image\/"},"sameAs":["https:\/\/www.facebook.com\/savesociety.eu\/"]}]}},"_links":{"self":[{"href":"https:\/\/save-society.org\/home\/wp-json\/wp\/v2\/pages\/8363","targetHints":{"allow":["GET"]}}],"collection":[{"href":"https:\/\/save-society.org\/home\/wp-json\/wp\/v2\/pages"}],"about":[{"href":"https:\/\/save-society.org\/home\/wp-json\/wp\/v2\/types\/page"}],"author":[{"embeddable":true,"href":"https:\/\/save-society.org\/home\/wp-json\/wp\/v2\/users\/1"}],"replies":[{"embeddable":true,"href":"https:\/\/save-society.org\/home\/wp-json\/wp\/v2\/comments?post=8363"}],"version-history":[{"count":5,"href":"https:\/\/save-society.org\/home\/wp-json\/wp\/v2\/pages\/8363\/revisions"}],"predecessor-version":[{"id":15164,"href":"https:\/\/save-society.org\/home\/wp-json\/wp\/v2\/pages\/8363\/revisions\/15164"}],"up":[{"embeddable":true,"href":"https:\/\/save-society.org\/home\/wp-json\/wp\/v2\/pages\/4818"}],"wp:featuredmedia":[{"embeddable":true,"href":"https:\/\/save-society.org\/home\/wp-json\/wp\/v2\/media\/7587"}],"wp:attachment":[{"href":"https:\/\/save-society.org\/home\/wp-json\/wp\/v2\/media?parent=8363"}],"curies":[{"name":"wp","href":"https:\/\/api.w.org\/{rel}","templated":true}]}}