{"id":9226,"date":"2019-02-02T07:27:31","date_gmt":"2019-02-02T06:27:31","guid":{"rendered":"https:\/\/save-society.org\/home\/?page_id=9226"},"modified":"2020-12-07T06:33:41","modified_gmt":"2020-12-07T05:33:41","slug":"ehrenamt","status":"publish","type":"page","link":"https:\/\/save-society.org\/home\/bewerbung\/ehrenamt\/","title":{"rendered":"Ehrenamt"},"content":{"rendered":"<p>[et_pb_section fb_built=&#8220;1&#8243; admin_label=&#8220;Service Section&#8220; _builder_version=&#8220;3.22&#8243; background_image=&#8220;https:\/\/save-society.org\/home\/wp-content\/uploads\/2018\/04\/savesociety-fotos-4-1.jpg&#8220; parallax=&#8220;on&#8220; parallax_method=&#8220;off&#8220; background_video_width=&#8220;1920&#8243; background_video_height=&#8220;1200&#8243; allow_player_pause=&#8220;on&#8220; custom_margin=&#8220;0px|0px|0px|0px&#8220; custom_padding=&#8220;0px|0px|0px|0px&#8220;][et_pb_row _builder_version=&#8220;3.25&#8243; background_color=&#8220;rgba(0,0,0,0.75)&#8220; module_alignment=&#8220;center&#8220; custom_padding=&#8220;|5%||5%&#8220;][et_pb_column type=&#8220;4_4&#8243; _builder_version=&#8220;3.25&#8243; custom_padding=&#8220;|||&#8220; custom_padding__hover=&#8220;|||&#8220;][et_pb_text admin_label=&#8220;Freiwilligenarbeit Ehrenamt f\u00fcr allgemeine T\u00e4tigkeiten&#8220; _builder_version=&#8220;4.7.4&#8243; text_text_color=&#8220;#ffffff&#8220; text_font_size=&#8220;16px&#8220; text_letter_spacing=&#8220;1px&#8220; header_text_align=&#8220;left&#8220; header_text_color=&#8220;#ffffff&#8220; header_letter_spacing=&#8220;1px&#8220; header_2_letter_spacing=&#8220;1px&#8220; header_3_letter_spacing=&#8220;1px&#8220; header_4_letter_spacing=&#8220;1px&#8220; text_orientation=&#8220;justified&#8220; background_layout=&#8220;dark&#8220; custom_padding=&#8220;5%|5%|5%|5%&#8220; saved_tabs=&#8220;all&#8220;]<\/p>\n<h1>Ehrenamt (w\/m\/d)<\/h1>\n<p>Ausschreibung: 07.12.2020<\/p>\n<p>&nbsp;<\/p>\n<h3>Freiwilligenarbeit Ehrenamt f\u00fcr allgemeine T\u00e4tigkeiten<\/h3>\n<p>&nbsp;<\/p>\n<h3>Stellenbeschreibung:<\/h3>\n<p>Zeigen Sie Engagement f\u00fcr f\u00fcr andere Menschen. Werden Sie ein wichtiger Teil der Save Society und unterst\u00fctzen Sie unsere kreativen Projekte und Arbeit ganz konkret. Die M\u00f6glichkeiten sich freiwillig zu engagieren sind ebenso vielf\u00e4ltig, wie die Menschen, die dieser T\u00e4tigkeit nachkommen. Jeder findet bei uns den passenden Bereich, um seine Erfahrungen und sein Wissen einbringen zu k\u00f6nnen.<\/p>\n<p>&nbsp;<\/p>\n<h3>Aufgaben und Verantwortungsbereiche:<\/h3>\n<ul>\n<li>Der genaue Zust\u00e4ndigkeitsbereich wird je nach Qualifikation festgelegt<\/li>\n<li>E-Mails schreiben und Telefonieren<\/li>\n<li>Projekte umsetzen<\/li>\n<\/ul>\n<p>&nbsp;<\/p>\n<h3>Ihr Profil:<\/h3>\n<ul>\n<li>Keine besonderen Anforderungen<\/li>\n<\/ul>\n<p>&nbsp;<\/p>\n<h3>Kontaktm\u00f6glichkeit:<\/h3>\n<p>F\u00fcr Fragen vorab steht Ihnen Frau Corinna Schmid gerne unter Tel.: +49 (0) 157 819 23 713 oder unter: ehrenamt@save-society.org zur Verf\u00fcgung. Wir freuen uns schon jetzt auf Ihre Bewerbung.<\/p>\n<p>Hinweis: Wenn Sie uns Unterlagen zusenden, werden diese zur Bearbeitung aufbewahrt. Findet keine positive Entscheidung statt, werden Ihre elektronischen Unterlagen gel\u00f6scht. Sie haben jederzeit die M\u00f6glichkeit Ihre Daten einzusehen. Auf Wunsch werden Ihre Daten sofort gel\u00f6scht. Wir geben Ihre Daten nicht weiter. Bitte beachten Sie zus\u00e4tzlich unsere Hinweise zum Datenschutz.<\/p>\n<p><a href=\"https:\/\/save-society.org\/home\/bewerbung\/\">Zur\u00fcck<\/a><\/p>\n<p>[\/et_pb_text][et_pb_divider show_divider=&#8220;off&#8220; _builder_version=&#8220;3.19.6&#8243; height=&#8220;0px&#8220; custom_padding=&#8220;||50px|&#8220;][\/et_pb_divider][\/et_pb_column][\/et_pb_row][et_pb_row _builder_version=&#8220;3.25&#8243; background_size=&#8220;initial&#8220; background_position=&#8220;top_left&#8220; background_repeat=&#8220;repeat&#8220;][et_pb_column type=&#8220;4_4&#8243; _builder_version=&#8220;3.25&#8243; custom_padding=&#8220;|||&#8220; custom_padding__hover=&#8220;|||&#8220;][et_pb_divider show_divider=&#8220;off&#8220; _builder_version=&#8220;3.19.6&#8243; height=&#8220;0px&#8220; custom_padding=&#8220;||50px|&#8220;][\/et_pb_divider][\/et_pb_column][\/et_pb_row][\/et_pb_section][et_pb_section fb_built=&#8220;1&#8243; admin_label=&#8220;Contact Form Section&#8220; _builder_version=&#8220;3.22&#8243; background_image=&#8220;https:\/\/save-society.org\/home\/wp-content\/uploads\/2018\/06\/savesociety-fotos-5-1.jpg&#8220; parallax=&#8220;on&#8220; parallax_method=&#8220;off&#8220; custom_padding=&#8220;110px||110px|&#8220; animation_direction=&#8220;bottom&#8220; saved_tabs=&#8220;all&#8220;][et_pb_row admin_label=&#8220;Contact Form&#8220; _builder_version=&#8220;3.25&#8243; module_alignment=&#8220;center&#8220; custom_margin=&#8220;0px||0px|&#8220; custom_padding=&#8220;0px||0px|&#8220;][et_pb_column type=&#8220;4_4&#8243; _builder_version=&#8220;3.25&#8243; custom_padding=&#8220;|||&#8220; custom_padding__hover=&#8220;|||&#8220;][et_pb_divider show_divider=&#8220;off&#8220; _builder_version=&#8220;3.10.1&#8243; height=&#8220;0px&#8220; custom_margin=&#8220;5%|||&#8220;][\/et_pb_divider][\/et_pb_column][\/et_pb_row][et_pb_row _builder_version=&#8220;4.7.3&#8243; background_color=&#8220;rgba(0,0,0,0.75)&#8220; module_alignment=&#8220;center&#8220; custom_padding=&#8220;5%|5%|3%|5%|false|false&#8220; global_module=&#8220;12037&#8243; saved_tabs=&#8220;all&#8220;][et_pb_column type=&#8220;4_4&#8243; _builder_version=&#8220;3.25&#8243; custom_padding=&#8220;|||&#8220; custom_padding__hover=&#8220;|||&#8220;][et_pb_blurb title=&#8220;Bewerbe Sie sich initiativ&#8220; url=&#8220;mailto:initiativ-bewerbung@save-society.org&#8220; use_icon=&#8220;on&#8220; font_icon=&#8220;%%109%%&#8220; icon_color=&#8220;#ffffff&#8220; use_circle=&#8220;on&#8220; circle_color=&#8220;rgba(255,255,255,0.1)&#8220; icon_placement=&#8220;left&#8220; content_max_width=&#8220;800px&#8220; use_icon_font_size=&#8220;on&#8220; icon_font_size=&#8220;70px&#8220; _builder_version=&#8220;4.7.3&#8243; _module_preset=&#8220;default&#8220; header_font=&#8220;|600|||||||&#8220; header_text_color=&#8220;#ffffff&#8220; header_font_size=&#8220;20px&#8220; header_letter_spacing=&#8220;1px&#8220; header_line_height=&#8220;1.3em&#8220; body_font_size=&#8220;16px&#8220; body_letter_spacing=&#8220;1px&#8220;]<\/p>\n<p>Das Passende nicht dabei gewesen? Dann bewerben Sie sich initiativ bei der Save Society. Bitte senden Sie hierzu Ihre vollst\u00e4ndigen Unterlagen mit dem Betreff \u201eInitiativ-Bewerbung\u201c an: <a href=\"mailto:initiativ-bewerbung@save-society.org\"><strong><span style=\"color: #ffffff;\">initiativ-bewerbung@save-society.org<\/span><\/strong><\/a><\/p>\n<p>&nbsp;<\/p>\n<p>Hinweis: Wenn Sie uns unterlagen zusenden, werden diese zur Bearbeitung aufbewart. Findet keine positive Entscheidung statt, werden Ihre elektronischen Unterlagen gel\u00f6scht. Sie haben jederzeit die M\u00f6glichkeit Ihre Daten einzusehen. Auf Wunsch werden Ihre Daten sofort gel\u00f6scht. Wir geben Ihre Daten nicht weiter. Bitte beachten Sie zus\u00e4tzlich unsere Hinweise zum Datenschutz: <strong><a href=\"https:\/\/save-society.org\/home\/datenschutz\/\">Datenschutz<\/a><\/strong>.<\/p>\n<p>[\/et_pb_blurb][et_pb_button button_url=&#8220;mailto:initiativ-bewerbung@save-society.org&#8220; button_text=&#8220;Jetzt bewerben&#8220; button_alignment=&#8220;center&#8220; admin_label=&#8220;Taste Informationen&#8220; _builder_version=&#8220;4.7.3&#8243; custom_button=&#8220;on&#8220; button_text_size=&#8220;16&#8243; button_text_color=&#8220;#ffffff&#8220; button_border_color=&#8220;#ffffff&#8220; button_border_radius=&#8220;100px&#8220; button_letter_spacing=&#8220;2px&#8220; button_font=&#8220;OpenSans-SemiBold|700||on|||||&#8220; button_icon=&#8220;%%36%%&#8220; animation_style=&#8220;fade&#8220; locked=&#8220;off&#8220; button_text_size__hover_enabled=&#8220;off&#8220; button_text_size__hover=&#8220;null&#8220; button_one_text_size__hover_enabled=&#8220;off&#8220; button_one_text_size__hover=&#8220;null&#8220; button_two_text_size__hover_enabled=&#8220;off&#8220; button_two_text_size__hover=&#8220;null&#8220; button_text_color__hover_enabled=&#8220;on&#8220; button_text_color__hover=&#8220;#ffffff&#8220; button_one_text_color__hover_enabled=&#8220;off&#8220; button_one_text_color__hover=&#8220;null&#8220; button_two_text_color__hover_enabled=&#8220;off&#8220; button_two_text_color__hover=&#8220;null&#8220; button_border_width__hover_enabled=&#8220;off&#8220; button_border_width__hover=&#8220;null&#8220; button_one_border_width__hover_enabled=&#8220;off&#8220; button_one_border_width__hover=&#8220;null&#8220; button_two_border_width__hover_enabled=&#8220;off&#8220; button_two_border_width__hover=&#8220;null&#8220; button_border_color__hover_enabled=&#8220;on&#8220; button_border_color__hover=&#8220;#ffffff&#8220; button_one_border_color__hover_enabled=&#8220;off&#8220; button_one_border_color__hover=&#8220;null&#8220; button_two_border_color__hover_enabled=&#8220;off&#8220; button_two_border_color__hover=&#8220;null&#8220; button_border_radius__hover_enabled=&#8220;off&#8220; button_border_radius__hover=&#8220;null&#8220; button_one_border_radius__hover_enabled=&#8220;off&#8220; button_one_border_radius__hover=&#8220;null&#8220; button_two_border_radius__hover_enabled=&#8220;off&#8220; button_two_border_radius__hover=&#8220;null&#8220; button_letter_spacing__hover_enabled=&#8220;on&#8220; button_letter_spacing__hover=&#8220;2px&#8220; button_one_letter_spacing__hover_enabled=&#8220;off&#8220; button_one_letter_spacing__hover=&#8220;null&#8220; button_two_letter_spacing__hover_enabled=&#8220;off&#8220; button_two_letter_spacing__hover=&#8220;null&#8220; button_bg_color__hover_enabled=&#8220;on&#8220; button_bg_color__hover=&#8220;rgba(0,0,0,0)&#8220; button_one_bg_color__hover_enabled=&#8220;off&#8220; button_one_bg_color__hover=&#8220;null&#8220; button_two_bg_color__hover_enabled=&#8220;off&#8220; button_two_bg_color__hover=&#8220;null&#8220;][\/et_pb_button][et_pb_divider show_divider=&#8220;off&#8220; _builder_version=&#8220;3.19.6&#8243; height=&#8220;0px&#8220; custom_padding=&#8220;||50px|&#8220;][\/et_pb_divider][\/et_pb_column][\/et_pb_row][et_pb_row admin_label=&#8220;Contact Form&#8220; _builder_version=&#8220;3.25&#8243; module_alignment=&#8220;center&#8220; custom_margin=&#8220;0px||0px|&#8220; custom_padding=&#8220;0px||0px|&#8220;][et_pb_column type=&#8220;4_4&#8243; _builder_version=&#8220;3.25&#8243; custom_padding=&#8220;|||&#8220; custom_padding__hover=&#8220;|||&#8220;][et_pb_divider show_divider=&#8220;off&#8220; _builder_version=&#8220;3.10.1&#8243; height=&#8220;0px&#8220; custom_margin=&#8220;5%|||&#8220;][\/et_pb_divider][\/et_pb_column][\/et_pb_row][et_pb_row admin_label=&#8220;Contact Form&#8220; _builder_version=&#8220;3.25&#8243; module_alignment=&#8220;center&#8220; custom_margin=&#8220;||0px|&#8220; custom_padding=&#8220;||0px|&#8220;][et_pb_column type=&#8220;4_4&#8243; _builder_version=&#8220;3.25&#8243; custom_padding=&#8220;|||&#8220; custom_padding__hover=&#8220;|||&#8220;][et_pb_divider show_divider=&#8220;off&#8220; _builder_version=&#8220;3.2&#8243; height=&#8220;0px&#8220; custom_padding=&#8220;||100px|&#8220;][\/et_pb_divider][\/et_pb_column][\/et_pb_row][\/et_pb_section]<\/p>\n","protected":false},"excerpt":{"rendered":"<p>Freiwilligenarbeit Ehrenamt | Nebenjob, Arbeit, Jobsuche, Jobs, Heimarbeit, Stuttgart, Esslingen und N\u00fcrtingen, Stellenangebote, Stellenmarkt<\/p>\n","protected":false},"author":1,"featured_media":7587,"parent":4818,"menu_order":0,"comment_status":"closed","ping_status":"closed","template":"","meta":{"_et_pb_use_builder":"on","_et_pb_old_content":"","_et_gb_content_width":"","footnotes":""},"class_list":["post-9226","page","type-page","status-publish","has-post-thumbnail","hentry"],"yoast_head":"<!-- This site is optimized with the Yoast SEO plugin v27.5 - https:\/\/yoast.com\/product\/yoast-seo-wordpress\/ -->\n<title>Ehrenamt - Save Society<\/title>\n<meta name=\"description\" content=\"Freiwilligenarbeit Ehrenamt | Nebenjob, Arbeit, Jobsuche, Jobs, Heimarbeit, Stuttgart, Esslingen und N\u00fcrtingen, Stellenangebote, Stellenmarkt\" \/>\n<meta name=\"robots\" content=\"index, follow, max-snippet:-1, max-image-preview:large, max-video-preview:-1\" \/>\n<link rel=\"canonical\" href=\"https:\/\/save-society.org\/home\/bewerbung\/ehrenamt\/\" \/>\n<meta property=\"og:locale\" content=\"de_DE\" \/>\n<meta property=\"og:type\" content=\"article\" \/>\n<meta property=\"og:title\" content=\"Ehrenamt - Save Society\" \/>\n<meta property=\"og:description\" content=\"Freiwilligenarbeit Ehrenamt | Nebenjob, Arbeit, Jobsuche, Jobs, Heimarbeit, Stuttgart, Esslingen und N\u00fcrtingen, Stellenangebote, Stellenmarkt\" \/>\n<meta property=\"og:url\" content=\"https:\/\/save-society.org\/home\/bewerbung\/ehrenamt\/\" \/>\n<meta property=\"og:site_name\" content=\"Save Society\" \/>\n<meta property=\"article:publisher\" content=\"https:\/\/www.facebook.com\/savesociety.eu\/\" \/>\n<meta property=\"article:modified_time\" content=\"2020-12-07T05:33:41+00:00\" \/>\n<meta property=\"og:image\" content=\"https:\/\/save-society.org\/home\/wp-content\/uploads\/2019\/01\/bewerbung-save-society.jpg\" \/>\n\t<meta property=\"og:image:width\" content=\"1200\" \/>\n\t<meta property=\"og:image:height\" content=\"699\" \/>\n\t<meta property=\"og:image:type\" content=\"image\/jpeg\" \/>\n<meta name=\"twitter:card\" content=\"summary_large_image\" \/>\n<meta name=\"twitter:label1\" content=\"Gesch\u00e4tzte Lesezeit\" \/>\n\t<meta name=\"twitter:data1\" content=\"6\u00a0Minuten\" \/>\n<script type=\"application\/ld+json\" class=\"yoast-schema-graph\">{\"@context\":\"https:\\\/\\\/schema.org\",\"@graph\":[{\"@type\":\"WebPage\",\"@id\":\"https:\\\/\\\/save-society.org\\\/home\\\/bewerbung\\\/ehrenamt\\\/\",\"url\":\"https:\\\/\\\/save-society.org\\\/home\\\/bewerbung\\\/ehrenamt\\\/\",\"name\":\"Ehrenamt - Save Society\",\"isPartOf\":{\"@id\":\"https:\\\/\\\/save-society.org\\\/home\\\/#website\"},\"primaryImageOfPage\":{\"@id\":\"https:\\\/\\\/save-society.org\\\/home\\\/bewerbung\\\/ehrenamt\\\/#primaryimage\"},\"image\":{\"@id\":\"https:\\\/\\\/save-society.org\\\/home\\\/bewerbung\\\/ehrenamt\\\/#primaryimage\"},\"thumbnailUrl\":\"https:\\\/\\\/save-society.org\\\/home\\\/wp-content\\\/uploads\\\/2019\\\/01\\\/bewerbung-save-society.jpg\",\"datePublished\":\"2019-02-02T06:27:31+00:00\",\"dateModified\":\"2020-12-07T05:33:41+00:00\",\"description\":\"Freiwilligenarbeit Ehrenamt | Nebenjob, Arbeit, Jobsuche, Jobs, Heimarbeit, Stuttgart, Esslingen und N\u00fcrtingen, Stellenangebote, Stellenmarkt\",\"breadcrumb\":{\"@id\":\"https:\\\/\\\/save-society.org\\\/home\\\/bewerbung\\\/ehrenamt\\\/#breadcrumb\"},\"inLanguage\":\"de\",\"potentialAction\":[{\"@type\":\"ReadAction\",\"target\":[\"https:\\\/\\\/save-society.org\\\/home\\\/bewerbung\\\/ehrenamt\\\/\"]}]},{\"@type\":\"ImageObject\",\"inLanguage\":\"de\",\"@id\":\"https:\\\/\\\/save-society.org\\\/home\\\/bewerbung\\\/ehrenamt\\\/#primaryimage\",\"url\":\"https:\\\/\\\/save-society.org\\\/home\\\/wp-content\\\/uploads\\\/2019\\\/01\\\/bewerbung-save-society.jpg\",\"contentUrl\":\"https:\\\/\\\/save-society.org\\\/home\\\/wp-content\\\/uploads\\\/2019\\\/01\\\/bewerbung-save-society.jpg\",\"width\":1200,\"height\":699,\"caption\":\"bewerbung save society\"},{\"@type\":\"BreadcrumbList\",\"@id\":\"https:\\\/\\\/save-society.org\\\/home\\\/bewerbung\\\/ehrenamt\\\/#breadcrumb\",\"itemListElement\":[{\"@type\":\"ListItem\",\"position\":1,\"name\":\"Startseite\",\"item\":\"https:\\\/\\\/save-society.org\\\/home\\\/\"},{\"@type\":\"ListItem\",\"position\":2,\"name\":\"BEWERBUNG\",\"item\":\"https:\\\/\\\/save-society.org\\\/home\\\/bewerbung\\\/\"},{\"@type\":\"ListItem\",\"position\":3,\"name\":\"Ehrenamt\"}]},{\"@type\":\"WebSite\",\"@id\":\"https:\\\/\\\/save-society.org\\\/home\\\/#website\",\"url\":\"https:\\\/\\\/save-society.org\\\/home\\\/\",\"name\":\"Save Society\",\"description\":\"Gemeinn\u00fctzige Organisation\",\"publisher\":{\"@id\":\"https:\\\/\\\/save-society.org\\\/home\\\/#organization\"},\"potentialAction\":[{\"@type\":\"SearchAction\",\"target\":{\"@type\":\"EntryPoint\",\"urlTemplate\":\"https:\\\/\\\/save-society.org\\\/home\\\/?s={search_term_string}\"},\"query-input\":{\"@type\":\"PropertyValueSpecification\",\"valueRequired\":true,\"valueName\":\"search_term_string\"}}],\"inLanguage\":\"de\"},{\"@type\":\"Organization\",\"@id\":\"https:\\\/\\\/save-society.org\\\/home\\\/#organization\",\"name\":\"Save Society\",\"url\":\"https:\\\/\\\/save-society.org\\\/home\\\/\",\"logo\":{\"@type\":\"ImageObject\",\"inLanguage\":\"de\",\"@id\":\"https:\\\/\\\/save-society.org\\\/home\\\/#\\\/schema\\\/logo\\\/image\\\/\",\"url\":\"https:\\\/\\\/save-society.org\\\/home\\\/wp-content\\\/uploads\\\/2018\\\/04\\\/savesociety_logo_full.jpg\",\"contentUrl\":\"https:\\\/\\\/save-society.org\\\/home\\\/wp-content\\\/uploads\\\/2018\\\/04\\\/savesociety_logo_full.jpg\",\"width\":1831,\"height\":1112,\"caption\":\"Save Society\"},\"image\":{\"@id\":\"https:\\\/\\\/save-society.org\\\/home\\\/#\\\/schema\\\/logo\\\/image\\\/\"},\"sameAs\":[\"https:\\\/\\\/www.facebook.com\\\/savesociety.eu\\\/\"]}]}<\/script>\n<!-- \/ Yoast SEO plugin. -->","yoast_head_json":{"title":"Ehrenamt - Save Society","description":"Freiwilligenarbeit Ehrenamt | Nebenjob, Arbeit, Jobsuche, Jobs, Heimarbeit, Stuttgart, Esslingen und N\u00fcrtingen, Stellenangebote, Stellenmarkt","robots":{"index":"index","follow":"follow","max-snippet":"max-snippet:-1","max-image-preview":"max-image-preview:large","max-video-preview":"max-video-preview:-1"},"canonical":"https:\/\/save-society.org\/home\/bewerbung\/ehrenamt\/","og_locale":"de_DE","og_type":"article","og_title":"Ehrenamt - Save Society","og_description":"Freiwilligenarbeit Ehrenamt | Nebenjob, Arbeit, Jobsuche, Jobs, Heimarbeit, Stuttgart, Esslingen und N\u00fcrtingen, Stellenangebote, Stellenmarkt","og_url":"https:\/\/save-society.org\/home\/bewerbung\/ehrenamt\/","og_site_name":"Save Society","article_publisher":"https:\/\/www.facebook.com\/savesociety.eu\/","article_modified_time":"2020-12-07T05:33:41+00:00","og_image":[{"width":1200,"height":699,"url":"https:\/\/save-society.org\/home\/wp-content\/uploads\/2019\/01\/bewerbung-save-society.jpg","type":"image\/jpeg"}],"twitter_card":"summary_large_image","twitter_misc":{"Gesch\u00e4tzte Lesezeit":"6\u00a0Minuten"},"schema":{"@context":"https:\/\/schema.org","@graph":[{"@type":"WebPage","@id":"https:\/\/save-society.org\/home\/bewerbung\/ehrenamt\/","url":"https:\/\/save-society.org\/home\/bewerbung\/ehrenamt\/","name":"Ehrenamt - Save Society","isPartOf":{"@id":"https:\/\/save-society.org\/home\/#website"},"primaryImageOfPage":{"@id":"https:\/\/save-society.org\/home\/bewerbung\/ehrenamt\/#primaryimage"},"image":{"@id":"https:\/\/save-society.org\/home\/bewerbung\/ehrenamt\/#primaryimage"},"thumbnailUrl":"https:\/\/save-society.org\/home\/wp-content\/uploads\/2019\/01\/bewerbung-save-society.jpg","datePublished":"2019-02-02T06:27:31+00:00","dateModified":"2020-12-07T05:33:41+00:00","description":"Freiwilligenarbeit Ehrenamt | Nebenjob, Arbeit, Jobsuche, Jobs, Heimarbeit, Stuttgart, Esslingen und N\u00fcrtingen, Stellenangebote, Stellenmarkt","breadcrumb":{"@id":"https:\/\/save-society.org\/home\/bewerbung\/ehrenamt\/#breadcrumb"},"inLanguage":"de","potentialAction":[{"@type":"ReadAction","target":["https:\/\/save-society.org\/home\/bewerbung\/ehrenamt\/"]}]},{"@type":"ImageObject","inLanguage":"de","@id":"https:\/\/save-society.org\/home\/bewerbung\/ehrenamt\/#primaryimage","url":"https:\/\/save-society.org\/home\/wp-content\/uploads\/2019\/01\/bewerbung-save-society.jpg","contentUrl":"https:\/\/save-society.org\/home\/wp-content\/uploads\/2019\/01\/bewerbung-save-society.jpg","width":1200,"height":699,"caption":"bewerbung save society"},{"@type":"BreadcrumbList","@id":"https:\/\/save-society.org\/home\/bewerbung\/ehrenamt\/#breadcrumb","itemListElement":[{"@type":"ListItem","position":1,"name":"Startseite","item":"https:\/\/save-society.org\/home\/"},{"@type":"ListItem","position":2,"name":"BEWERBUNG","item":"https:\/\/save-society.org\/home\/bewerbung\/"},{"@type":"ListItem","position":3,"name":"Ehrenamt"}]},{"@type":"WebSite","@id":"https:\/\/save-society.org\/home\/#website","url":"https:\/\/save-society.org\/home\/","name":"Save Society","description":"Gemeinn\u00fctzige Organisation","publisher":{"@id":"https:\/\/save-society.org\/home\/#organization"},"potentialAction":[{"@type":"SearchAction","target":{"@type":"EntryPoint","urlTemplate":"https:\/\/save-society.org\/home\/?s={search_term_string}"},"query-input":{"@type":"PropertyValueSpecification","valueRequired":true,"valueName":"search_term_string"}}],"inLanguage":"de"},{"@type":"Organization","@id":"https:\/\/save-society.org\/home\/#organization","name":"Save Society","url":"https:\/\/save-society.org\/home\/","logo":{"@type":"ImageObject","inLanguage":"de","@id":"https:\/\/save-society.org\/home\/#\/schema\/logo\/image\/","url":"https:\/\/save-society.org\/home\/wp-content\/uploads\/2018\/04\/savesociety_logo_full.jpg","contentUrl":"https:\/\/save-society.org\/home\/wp-content\/uploads\/2018\/04\/savesociety_logo_full.jpg","width":1831,"height":1112,"caption":"Save Society"},"image":{"@id":"https:\/\/save-society.org\/home\/#\/schema\/logo\/image\/"},"sameAs":["https:\/\/www.facebook.com\/savesociety.eu\/"]}]}},"_links":{"self":[{"href":"https:\/\/save-society.org\/home\/wp-json\/wp\/v2\/pages\/9226","targetHints":{"allow":["GET"]}}],"collection":[{"href":"https:\/\/save-society.org\/home\/wp-json\/wp\/v2\/pages"}],"about":[{"href":"https:\/\/save-society.org\/home\/wp-json\/wp\/v2\/types\/page"}],"author":[{"embeddable":true,"href":"https:\/\/save-society.org\/home\/wp-json\/wp\/v2\/users\/1"}],"replies":[{"embeddable":true,"href":"https:\/\/save-society.org\/home\/wp-json\/wp\/v2\/comments?post=9226"}],"version-history":[{"count":5,"href":"https:\/\/save-society.org\/home\/wp-json\/wp\/v2\/pages\/9226\/revisions"}],"predecessor-version":[{"id":15166,"href":"https:\/\/save-society.org\/home\/wp-json\/wp\/v2\/pages\/9226\/revisions\/15166"}],"up":[{"embeddable":true,"href":"https:\/\/save-society.org\/home\/wp-json\/wp\/v2\/pages\/4818"}],"wp:featuredmedia":[{"embeddable":true,"href":"https:\/\/save-society.org\/home\/wp-json\/wp\/v2\/media\/7587"}],"wp:attachment":[{"href":"https:\/\/save-society.org\/home\/wp-json\/wp\/v2\/media?parent=9226"}],"curies":[{"name":"wp","href":"https:\/\/api.w.org\/{rel}","templated":true}]}}